{"id":256,"date":"2020-10-06T08:21:51","date_gmt":"2020-10-06T08:21:51","guid":{"rendered":"https:\/\/drjorgesalvador.com\/index.php\/contact-us\/"},"modified":"2025-10-17T12:54:59","modified_gmt":"2025-10-17T12:54:59","slug":"contacto","status":"publish","type":"page","link":"https:\/\/drjorgesalvador.com\/en\/contacto\/","title":{"rendered":"Contact"},"content":{"rendered":"<div class=\"wp-block-uagb-container uagb-block-111535c7 alignfull uagb-is-root-container\"><div class=\"uagb-container-inner-blocks-wrap\">\n<div class=\"wp-block-uagb-advanced-heading uagb-block-6fb69a7a\"><h1 class=\"uagb-heading-text\">Contact<\/h1><p class=\"uagb-desc-text\">You can contact Dr. Jorge Salvador Mar\u00edn in writing or by telephone.<\/p><\/div>\n<\/div><\/div>\n\n\n\n<div class=\"wp-block-uagb-container uagb-block-97a6c386 default uagb-is-root-container\">\n<div class=\"wp-block-uagb-container uagb-block-cd891aaf alignfull uagb-is-root-container\"><div class=\"uagb-container-inner-blocks-wrap\">\n<div class=\"wp-block-uagb-container uagb-block-0c69298a\">\n<div class=\"wp-block-uagb-advanced-heading uagb-block-a55178a9\"><h2 class=\"uagb-heading-text\">Form<\/h2><p class=\"uagb-desc-text\">Use the form below to write directly to Dr. Jorge Salvador's mailbox:<\/p><\/div>\n\n\n\n<div class=\"wp-block-uagb-forms uagb-forms__outer-wrap uagb-block-b474b349 uagb-forms__medium-btn\"><form class=\"uagb-forms-main-form\" method=\"post\" autocomplete=\"on\" name=\"uagb-form-b474b349\" action=\"\">\n<div class=\"wp-block-uagb-forms-name uagb-forms-name-wrap uagb-forms-field-set uagb-block-03a94402\"><div class=\"uagb-forms-name-label required uagb-forms-input-label\" id=\"03a94402\">Name<\/div><input type=\"text\" placeholder=\"John\" required class=\"uagb-forms-name-input uagb-forms-input\" name=\"03a94402\" autocomplete=\"given-name\"\/><\/div>\n\n\n\n<div class=\"wp-block-uagb-forms-email uagb-forms-email-wrap uagb-forms-field-set uagb-block-30872e85\"><div class=\"uagb-forms-email-label required uagb-forms-input-label\" id=\"30872e85\">Email<\/div><input type=\"email\" class=\"uagb-forms-email-input uagb-forms-input\" placeholder=\"example@mail.com\" required name=\"30872e85\" autocomplete=\"email\"\/><\/div>\n\n\n\n<div class=\"wp-block-uagb-forms-textarea uagb-forms-textarea-wrap uagb-forms-field-set uagb-block-e9b0cb99\"><div class=\"uagb-forms-textarea-label required uagb-forms-input-label\" id=\"e9b0cb99\">Message<\/div><textarea required class=\"uagb-forms-textarea-input uagb-forms-input\" rows=\"4\" placeholder=\"Enter your message\" name=\"e9b0cb99\" autocomplete=\"off\"><\/textarea><\/div>\n\n\n\n<div class=\"wp-block-uagb-forms-accept uagb-forms-accept-wrap uagb-forms-field-set uagb-block-1331f137\"><div class=\"uagb-forms-accept-privacy-link\"><a href=\"https:\/\/drjorgesalvador.com\/en\/terminos-y-condiciones\/\" target=\"_blank\" rel=\"noopener noreferrer\">Terms and Conditions<\/a><\/div><input type=\"checkbox\" name=\"1331f137\" required value=\"Agree\" class=\"uagb-forms-checkbox\" id=\"uagb-forms-accept-1331f137\"\/><label name=\"1331f137\" for=\"uagb-forms-accept-1331f137\" class=\"uagb-forms-accept-label required\" id=\"1331f137\">I have read and agree to the terms and conditions.<\/label><br\/><\/div>\n<div class=\"uagb-forms-form-hidden-data\"><input type=\"hidden\" id=\"g-recaptcha-response\" class=\"uagb-forms-recaptcha\"\/><input type=\"hidden\" class=\"uagb_forms_form_label\" value=\"Spectra Form\"\/><input type=\"hidden\" class=\"uagb_forms_form_id\" value=\"uagb-form-b474b349\"\/><\/div><div class=\"uagb-form-reacaptcha-error-b474b349\"><\/div><div class=\"uagb-forms-main-submit-button-wrap wp-block-button\"><button class=\"uagb-forms-main-submit-button wp-block-button__link\"><div class=\"uagb-forms-main-submit-button-text\">Submit<\/div><\/button><\/div><input type=\"hidden\" name=\"trp-form-language\" value=\"en\"\/><\/form><div class=\"uagb-forms-success-message-b474b349 uagb-forms-submit-message-hide\"><span>The form has been submitted successfully!<\/span><\/div><div class=\"uagb-forms-failed-message-b474b349 uagb-forms-submit-message-hide\"><span>There has been some error while submitting the form. Please verify all form fields again.<\/span><\/div><\/div>\n<\/div>\n\n\n\n<div class=\"wp-block-uagb-container uagb-block-b9c007bf\">\n<div class=\"wp-block-uagb-container uagb-block-7e81e3cc alignfull uagb-is-root-container\"><div class=\"uagb-container-inner-blocks-wrap\">\n<div class=\"wp-block-columns is-layout-flex wp-container-core-columns-is-layout-28f84493 wp-block-columns-is-layout-flex\">\n<div class=\"wp-block-column is-layout-flow wp-block-column-is-layout-flow\" style=\"flex-basis:50%\">\n<div class=\"wp-block-uagb-info-box uagb-block-66722c2c uagb-infobox__content-wrap  uagb-infobox-icon-above-title uagb-infobox-image-valign-top\"><div class=\"uagb-ifb-content\"><div class=\"uagb-ifb-icon-wrap\"><svg xmlns=\"https:\/\/www.w3.org\/2000\/svg\" viewbox=\"0 0 448 512\"><path d=\"M384 32H64C28.65 32 0 60.65 0 96v320c0 35.35 28.65 64 64 64h320c35.35 0 64-28.65 64-64V96C448 60.65 419.3 32 384 32zM351.6 321.5l-11.62 50.39c-1.633 7.125-7.9 12.11-15.24 12.11c-126.1 0-228.7-102.6-228.7-228.8c0-7.328 4.984-13.59 12.11-15.22l50.38-11.63c7.344-1.703 14.88 2.109 17.93 9.062l23.27 54.28c2.719 6.391 .8828 13.83-4.492 18.22L168.3 232c16.99 34.61 45.14 62.75 79.77 79.75l22.02-26.91c4.344-5.391 11.85-7.25 18.24-4.484l54.24 23.25C349.5 306.6 353.3 314.2 351.6 321.5z\"><\/path><\/svg><\/div><div class=\"uagb-ifb-title-wrap\"><h3 class=\"uagb-ifb-title\">Quotations<\/h3><\/div><p class=\"uagb-ifb-desc\"><a href=\"tel:34966972900\">+34 966 972 900<\/a><\/p><\/div><\/div>\n<\/div>\n\n\n\n<div class=\"wp-block-column is-layout-flow wp-block-column-is-layout-flow\" style=\"flex-basis:50%\">\n<div class=\"wp-block-uagb-info-box uagb-block-3cc245b3 uagb-infobox__content-wrap  uagb-infobox-icon-above-title uagb-infobox-image-valign-top\"><div class=\"uagb-ifb-content\"><div class=\"uagb-ifb-icon-wrap\"><svg xmlns=\"https:\/\/www.w3.org\/2000\/svg\" viewbox=\"0 0 448 512\"><path d=\"M380.9 97.1C339 55.1 283.2 32 223.9 32c-122.4 0-222 99.6-222 222 0 39.1 10.2 77.3 29.6 111L0 480l117.7-30.9c32.4 17.7 68.9 27 106.1 27h.1c122.3 0 224.1-99.6 224.1-222 0-59.3-25.2-115-67.1-157zm-157 341.6c-33.2 0-65.7-8.9-94-25.7l-6.7-4-69.8 18.3L72 359.2l-4.4-7c-18.5-29.4-28.2-63.3-28.2-98.2 0-101.7 82.8-184.5 184.6-184.5 49.3 0 95.6 19.2 130.4 54.1 34.8 34.9 56.2 81.2 56.1 130.5 0 101.8-84.9 184.6-186.6 184.6zm101.2-138.2c-5.5-2.8-32.8-16.2-37.9-18-5.1-1.9-8.8-2.8-12.5 2.8-3.7 5.6-14.3 18-17.6 21.8-3.2 3.7-6.5 4.2-12 1.4-32.6-16.3-54-29.1-75.5-66-5.7-9.8 5.7-9.1 16.3-30.3 1.8-3.7 .9-6.9-.5-9.7-1.4-2.8-12.5-30.1-17.1-41.2-4.5-10.8-9.1-9.3-12.5-9.5-3.2-.2-6.9-.2-10.6-.2-3.7 0-9.7 1.4-14.8 6.9-5.1 5.6-19.4 19-19.4 46.3 0 27.3 19.9 53.7 22.6 57.4 2.8 3.7 39.1 59.7 94.8 83.8 35.2 15.2 49 16.5 66.6 13.9 10.7-1.6 32.8-13.4 37.4-26.4 4.6-13 4.6-24.1 3.2-26.4-1.3-2.5-5-3.9-10.5-6.6z\"><\/path><\/svg><\/div><div class=\"uagb-ifb-title-wrap\"><h3 class=\"uagb-ifb-title\">Whatsapp<\/h3><\/div><p class=\"uagb-ifb-desc\">+34 613184449<\/p><\/div><\/div>\n<\/div>\n<\/div>\n<\/div><\/div>\n\n\n\n<div class=\"wp-block-uagb-info-box uagb-block-c1a54028 uagb-infobox__content-wrap  uagb-infobox-icon-above-title uagb-infobox-image-valign-top\"><div class=\"uagb-ifb-content\"><div class=\"uagb-ifb-icon-wrap\"><div class=\"uagb-iconbox-icon-wrap uagb-infobox-shape-circle\"><svg xmlns=\"https:\/\/www.w3.org\/2000\/svg\" viewbox=\"0 0 384 512\"><path d=\"M168.3 499.2C116.1 435 0 279.4 0 192C0 85.96 85.96 0 192 0C298 0 384 85.96 384 192C384 279.4 267 435 215.7 499.2C203.4 514.5 180.6 514.5 168.3 499.2H168.3zM192 256C227.3 256 256 227.3 256 192C256 156.7 227.3 128 192 128C156.7 128 128 156.7 128 192C128 227.3 156.7 256 192 256z\"><\/path><\/svg><\/div><\/div><div class=\"uagb-ifb-title-wrap\"><h3 class=\"uagb-ifb-title\">Location<\/h3><\/div><p class=\"uagb-ifb-desc\"><strong>Consulta general:<\/strong> C\/ Cruz de Piedra, 4,<br> 03015 Alicante<br><br><strong>Consultoa privada:<\/strong> C\/ Villafranqueza, 20.<br> 03690, San Vicente del Raspeig<\/p><\/div><\/div>\n\n\n\n<div class=\"wp-block-uagb-image uagb-block-9ffe4a89 wp-block-uagb-image--layout-default wp-block-uagb-image--effect-static wp-block-uagb-image--align-none\"><figure class=\"wp-block-uagb-image__figure\"><img decoding=\"async\" srcset=\"https:\/\/drjorgesalvador.com\/wp-content\/uploads\/2024\/09\/Dr-Jorge-Salvador-Contacto-1024x512.jpg ,https:\/\/drjorgesalvador.com\/wp-content\/uploads\/2024\/09\/Dr-Jorge-Salvador-Contacto.jpg 780w, https:\/\/drjorgesalvador.com\/wp-content\/uploads\/2024\/09\/Dr-Jorge-Salvador-Contacto.jpg 360w\" sizes=\"auto, (max-width: 480px) 150px\" src=\"https:\/\/drjorgesalvador.com\/wp-content\/uploads\/2024\/09\/Dr-Jorge-Salvador-Contacto-1024x512.jpg\" alt=\"\" class=\"uag-image-2343\" width=\"1024\" height=\"512\" title=\"Dr-Jorge-Salvador-Contact\" loading=\"lazy\" role=\"img\"\/><\/figure><\/div>\n<\/div>\n<\/div><\/div>\n\n\n\n<div class=\"wp-block-columns is-layout-flex wp-container-core-columns-is-layout-28f84493 wp-block-columns-is-layout-flex\">\n<div class=\"wp-block-column is-layout-flow wp-block-column-is-layout-flow\">\n<h2 class=\"wp-block-heading has-medium-font-size\">consulta general<\/h2>\n\n\n\t\t\t<div \n\t\t\tclass=\"wp-block-uagb-google-map uagb-google-map__wrap uagb-block-30b2f208\"\n\t\t\tstyle=\"\" >\n\t\t\t\t<embed\n\t\t\t\t\tclass=\"uagb-google-map__iframe\"\n\t\t\t\t\ttitle=\"Google Map for \"\n\t\t\t\t\tsrc=\"https:\/\/maps.google.com\/maps?q=C%2F%20Cruz%20de%20Piedra%2C%204%2C%2003015%20Alicante&#038;z=16&#038;hl=es&#038;t=m&#038;output=embed&#038;iwloc=near\"\n\t\t\t\t\twidth=\"640\"\n\t\t\t\t\theight=\"600\"\n\t\t\t\t\tloading=\"lazy\"\n\t\t\t\t><\/embed>\n\t\t\t<\/div>\n\t\t\t<\/div>\n\n\n\n<div class=\"wp-block-column is-layout-flow wp-block-column-is-layout-flow\">\n<h2 class=\"wp-block-heading has-medium-font-size\">consulta privada<\/h2>\n\n\n\t\t\t<div \n\t\t\tclass=\"wp-block-uagb-google-map uagb-google-map__wrap uagb-block-e0d0adca\"\n\t\t\tstyle=\"\" >\n\t\t\t\t<embed\n\t\t\t\t\tclass=\"uagb-google-map__iframe\"\n\t\t\t\t\ttitle=\"Google Map for \"\n\t\t\t\t\tsrc=\"https:\/\/maps.google.com\/maps?q=Calle%20Villafranqueza%2C%2020.%2003690%2C%20San%20Vicente%20del%20Raspeig&#038;z=16&#038;hl=es&#038;t=m&#038;output=embed&#038;iwloc=near\"\n\t\t\t\t\twidth=\"640\"\n\t\t\t\t\theight=\"600\"\n\t\t\t\t\tloading=\"lazy\"\n\t\t\t\t><\/embed>\n\t\t\t<\/div>\n\t\t\t<\/div>\n<\/div>\n<\/div>\n\n\n\n<p><\/p>","protected":false},"excerpt":{"rendered":"<p>Contacto Puede contactar con el Dr. Jorge Salvador Mar\u00edn por escrito o por tel\u00e9fono. Formulario Use el siguiente formulario para escribir directamente al buz\u00f3n del Dr. Jorge Salvador: consulta general consulta privada<\/p>","protected":false},"author":1,"featured_media":0,"parent":0,"menu_order":0,"comment_status":"closed","ping_status":"closed","template":"","meta":{"_uag_custom_page_level_css":"","site-sidebar-layout":"no-sidebar","site-content-layout":"plain-container","ast-site-content-layout":"normal-width-container","site-content-style":"unboxed","site-sidebar-style":"unboxed","ast-global-header-display":"","ast-banner-title-visibility":"","ast-main-header-display":"","ast-hfb-above-header-display":"","ast-hfb-below-header-display":"","ast-hfb-mobile-header-display":"","site-post-title":"disabled","ast-breadcrumbs-content":"","ast-featured-img":"disabled","footer-sml-layout":"","theme-transparent-header-meta":"enabled","adv-header-id-meta":"","stick-header-meta":"","header-above-stick-meta":"","header-main-stick-meta":"","header-below-stick-meta":"","astra-migrate-meta-layouts":"set","ast-page-background-enabled":"default","ast-page-background-meta":{"desktop":{"background-color":"","background-image":"","background-repeat":"repeat","background-position":"center center","background-size":"auto","background-attachment":"scroll","background-type":"","background-media":"","overlay-type":"","overlay-color":"","overlay-opacity":"","overlay-gradient":""},"tablet":{"background-color":"","background-image":"","background-repeat":"repeat","background-position":"center center","background-size":"auto","background-attachment":"scroll","background-type":"","background-media":"","overlay-type":"","overlay-color":"","overlay-opacity":"","overlay-gradient":""},"mobile":{"background-color":"","background-image":"","background-repeat":"repeat","background-position":"center center","background-size":"auto","background-attachment":"scroll","background-type":"","background-media":"","overlay-type":"","overlay-color":"","overlay-opacity":"","overlay-gradient":""}},"ast-content-background-meta":{"desktop":{"background-color":"var(--ast-global-color-5)","background-image":"","background-repeat":"repeat","background-position":"center center","background-size":"auto","background-attachment":"scroll","background-type":"","background-media":"","overlay-type":"","overlay-color":"","overlay-opacity":"","overlay-gradient":""},"tablet":{"background-color":"var(--ast-global-color-5)","background-image":"","background-repeat":"repeat","background-position":"center center","background-size":"auto","background-attachment":"scroll","background-type":"","background-media":"","overlay-type":"","overlay-color":"","overlay-opacity":"","overlay-gradient":""},"mobile":{"background-color":"var(--ast-global-color-5)","background-image":"","background-repeat":"repeat","background-position":"center center","background-size":"auto","background-attachment":"scroll","background-type":"","background-media":"","overlay-type":"","overlay-color":"","overlay-opacity":"","overlay-gradient":""}},"footnotes":""},"class_list":["post-256","page","type-page","status-publish","hentry"],"yoast_head":"<!-- This site is optimized with the Yoast SEO plugin v26.2 - https:\/\/yoast.com\/wordpress\/plugins\/seo\/ -->\n<title>\u25b7 Contacto - Dr. Jorge Salvador<\/title>\n<meta name=\"robots\" content=\"index, follow, max-snippet:-1, max-image-preview:large, max-video-preview:-1\" \/>\n<link rel=\"canonical\" href=\"https:\/\/drjorgesalvador.com\/en\/contacto\/\" \/>\n<meta property=\"og:locale\" content=\"en_GB\" \/>\n<meta property=\"og:type\" content=\"article\" \/>\n<meta property=\"og:title\" content=\"\u25b7 Contacto - Dr. Jorge Salvador\" \/>\n<meta property=\"og:description\" content=\"Contacto Puede contactar con el Dr. Jorge Salvador Mar\u00edn por escrito o por tel\u00e9fono. Formulario Use el siguiente formulario para escribir directamente al buz\u00f3n del Dr. Jorge Salvador: consulta general consulta privada\" \/>\n<meta property=\"og:url\" content=\"https:\/\/drjorgesalvador.com\/en\/contacto\/\" \/>\n<meta property=\"og:site_name\" content=\"Dr. Jorge Salvador\" \/>\n<meta property=\"article:modified_time\" content=\"2025-10-17T12:54:59+00:00\" \/>\n<meta property=\"og:image\" content=\"https:\/\/drjorgesalvador.com\/wp-content\/uploads\/2024\/09\/Dr-Jorge-Salvador-Contacto-1024x512.jpg\" \/>\n<meta name=\"twitter:card\" content=\"summary_large_image\" \/>\n<meta name=\"twitter:label1\" content=\"Estimated reading time\" \/>\n\t<meta name=\"twitter:data1\" content=\"1 minute\" \/>\n<script type=\"application\/ld+json\" class=\"yoast-schema-graph\">{\"@context\":\"https:\/\/schema.org\",\"@graph\":[{\"@type\":\"WebPage\",\"@id\":\"https:\/\/drjorgesalvador.com\/contacto\/\",\"url\":\"https:\/\/drjorgesalvador.com\/contacto\/\",\"name\":\"\u25b7 Contacto - Dr. Jorge Salvador\",\"isPartOf\":{\"@id\":\"https:\/\/drjorgesalvador.com\/#website\"},\"primaryImageOfPage\":{\"@id\":\"https:\/\/drjorgesalvador.com\/contacto\/#primaryimage\"},\"image\":{\"@id\":\"https:\/\/drjorgesalvador.com\/contacto\/#primaryimage\"},\"thumbnailUrl\":\"https:\/\/drjorgesalvador.com\/wp-content\/uploads\/2024\/09\/Dr-Jorge-Salvador-Contacto-1024x512.jpg\",\"datePublished\":\"2020-10-06T08:21:51+00:00\",\"dateModified\":\"2025-10-17T12:54:59+00:00\",\"breadcrumb\":{\"@id\":\"https:\/\/drjorgesalvador.com\/contacto\/#breadcrumb\"},\"inLanguage\":\"en-GB\",\"potentialAction\":[{\"@type\":\"ReadAction\",\"target\":[\"https:\/\/drjorgesalvador.com\/contacto\/\"]}]},{\"@type\":\"ImageObject\",\"inLanguage\":\"en-GB\",\"@id\":\"https:\/\/drjorgesalvador.com\/contacto\/#primaryimage\",\"url\":\"https:\/\/drjorgesalvador.com\/wp-content\/uploads\/2024\/09\/Dr-Jorge-Salvador-Contacto-1024x512.jpg\",\"contentUrl\":\"https:\/\/drjorgesalvador.com\/wp-content\/uploads\/2024\/09\/Dr-Jorge-Salvador-Contacto-1024x512.jpg\"},{\"@type\":\"BreadcrumbList\",\"@id\":\"https:\/\/drjorgesalvador.com\/contacto\/#breadcrumb\",\"itemListElement\":[{\"@type\":\"ListItem\",\"position\":1,\"name\":\"Portada\",\"item\":\"https:\/\/drjorgesalvador.com\/\"},{\"@type\":\"ListItem\",\"position\":2,\"name\":\"Contacto\"}]},{\"@type\":\"WebSite\",\"@id\":\"https:\/\/drjorgesalvador.com\/#website\",\"url\":\"https:\/\/drjorgesalvador.com\/\",\"name\":\"Dr. Jorge Salvador\",\"description\":\"Cirujano ortop\u00e9dico y traumat\u00f3logo\",\"publisher\":{\"@id\":\"https:\/\/drjorgesalvador.com\/#organization\"},\"potentialAction\":[{\"@type\":\"SearchAction\",\"target\":{\"@type\":\"EntryPoint\",\"urlTemplate\":\"https:\/\/drjorgesalvador.com\/?s={search_term_string}\"},\"query-input\":{\"@type\":\"PropertyValueSpecification\",\"valueRequired\":true,\"valueName\":\"search_term_string\"}}],\"inLanguage\":\"en-GB\"},{\"@type\":\"Organization\",\"@id\":\"https:\/\/drjorgesalvador.com\/#organization\",\"name\":\"Dr. Jorge Salvador\",\"url\":\"https:\/\/drjorgesalvador.com\/\",\"logo\":{\"@type\":\"ImageObject\",\"inLanguage\":\"en-GB\",\"@id\":\"https:\/\/drjorgesalvador.com\/#\/schema\/logo\/image\/\",\"url\":\"https:\/\/drjorgesalvador.com\/wp-content\/uploads\/2024\/07\/Dr-Jorge-Salvador-Marin-logo.png\",\"contentUrl\":\"https:\/\/drjorgesalvador.com\/wp-content\/uploads\/2024\/07\/Dr-Jorge-Salvador-Marin-logo.png\",\"width\":339,\"height\":338,\"caption\":\"Dr. Jorge Salvador\"},\"image\":{\"@id\":\"https:\/\/drjorgesalvador.com\/#\/schema\/logo\/image\/\"}}]}<\/script>\n<!-- \/ Yoast SEO plugin. -->","yoast_head_json":{"title":"\u25b7 Contacto - Dr. Jorge Salvador","robots":{"index":"index","follow":"follow","max-snippet":"max-snippet:-1","max-image-preview":"max-image-preview:large","max-video-preview":"max-video-preview:-1"},"canonical":"https:\/\/drjorgesalvador.com\/en\/contacto\/","og_locale":"en_GB","og_type":"article","og_title":"\u25b7 Contacto - Dr. Jorge Salvador","og_description":"Contacto Puede contactar con el Dr. Jorge Salvador Mar\u00edn por escrito o por tel\u00e9fono. Formulario Use el siguiente formulario para escribir directamente al buz\u00f3n del Dr. Jorge Salvador: consulta general consulta privada","og_url":"https:\/\/drjorgesalvador.com\/en\/contacto\/","og_site_name":"Dr. Jorge Salvador","article_modified_time":"2025-10-17T12:54:59+00:00","og_image":[{"url":"https:\/\/drjorgesalvador.com\/wp-content\/uploads\/2024\/09\/Dr-Jorge-Salvador-Contacto-1024x512.jpg","type":"","width":"","height":""}],"twitter_card":"summary_large_image","twitter_misc":{"Estimated reading time":"1 minute"},"schema":{"@context":"https:\/\/schema.org","@graph":[{"@type":"WebPage","@id":"https:\/\/drjorgesalvador.com\/contacto\/","url":"https:\/\/drjorgesalvador.com\/contacto\/","name":"\u25b7 Contacto - Dr. Jorge Salvador","isPartOf":{"@id":"https:\/\/drjorgesalvador.com\/#website"},"primaryImageOfPage":{"@id":"https:\/\/drjorgesalvador.com\/contacto\/#primaryimage"},"image":{"@id":"https:\/\/drjorgesalvador.com\/contacto\/#primaryimage"},"thumbnailUrl":"https:\/\/drjorgesalvador.com\/wp-content\/uploads\/2024\/09\/Dr-Jorge-Salvador-Contacto-1024x512.jpg","datePublished":"2020-10-06T08:21:51+00:00","dateModified":"2025-10-17T12:54:59+00:00","breadcrumb":{"@id":"https:\/\/drjorgesalvador.com\/contacto\/#breadcrumb"},"inLanguage":"en-GB","potentialAction":[{"@type":"ReadAction","target":["https:\/\/drjorgesalvador.com\/contacto\/"]}]},{"@type":"ImageObject","inLanguage":"en-GB","@id":"https:\/\/drjorgesalvador.com\/contacto\/#primaryimage","url":"https:\/\/drjorgesalvador.com\/wp-content\/uploads\/2024\/09\/Dr-Jorge-Salvador-Contacto-1024x512.jpg","contentUrl":"https:\/\/drjorgesalvador.com\/wp-content\/uploads\/2024\/09\/Dr-Jorge-Salvador-Contacto-1024x512.jpg"},{"@type":"BreadcrumbList","@id":"https:\/\/drjorgesalvador.com\/contacto\/#breadcrumb","itemListElement":[{"@type":"ListItem","position":1,"name":"Portada","item":"https:\/\/drjorgesalvador.com\/"},{"@type":"ListItem","position":2,"name":"Contacto"}]},{"@type":"WebSite","@id":"https:\/\/drjorgesalvador.com\/#website","url":"https:\/\/drjorgesalvador.com\/","name":"Dr. Jorge Salvador","description":"Cirujano ortop\u00e9dico y traumat\u00f3logo","publisher":{"@id":"https:\/\/drjorgesalvador.com\/#organization"},"potentialAction":[{"@type":"SearchAction","target":{"@type":"EntryPoint","urlTemplate":"https:\/\/drjorgesalvador.com\/?s={search_term_string}"},"query-input":{"@type":"PropertyValueSpecification","valueRequired":true,"valueName":"search_term_string"}}],"inLanguage":"en-GB"},{"@type":"Organization","@id":"https:\/\/drjorgesalvador.com\/#organization","name":"Dr. Jorge Salvador","url":"https:\/\/drjorgesalvador.com\/","logo":{"@type":"ImageObject","inLanguage":"en-GB","@id":"https:\/\/drjorgesalvador.com\/#\/schema\/logo\/image\/","url":"https:\/\/drjorgesalvador.com\/wp-content\/uploads\/2024\/07\/Dr-Jorge-Salvador-Marin-logo.png","contentUrl":"https:\/\/drjorgesalvador.com\/wp-content\/uploads\/2024\/07\/Dr-Jorge-Salvador-Marin-logo.png","width":339,"height":338,"caption":"Dr. Jorge Salvador"},"image":{"@id":"https:\/\/drjorgesalvador.com\/#\/schema\/logo\/image\/"}}]}},"uagb_featured_image_src":{"full":false,"thumbnail":false,"medium":false,"medium_large":false,"large":false,"1536x1536":false,"2048x2048":false,"trp-custom-language-flag":false},"uagb_author_info":{"display_name":"admin","author_link":"https:\/\/drjorgesalvador.com\/en\/author\/admin\/"},"uagb_comment_info":0,"uagb_excerpt":"Contacto Puede contactar con el Dr. Jorge Salvador Mar\u00edn por escrito o por tel\u00e9fono. Formulario Use el siguiente formulario para escribir directamente al buz\u00f3n del Dr. Jorge Salvador: consulta general consulta privada","_links":{"self":[{"href":"https:\/\/drjorgesalvador.com\/en\/wp-json\/wp\/v2\/pages\/256","targetHints":{"allow":["GET"]}}],"collection":[{"href":"https:\/\/drjorgesalvador.com\/en\/wp-json\/wp\/v2\/pages"}],"about":[{"href":"https:\/\/drjorgesalvador.com\/en\/wp-json\/wp\/v2\/types\/page"}],"author":[{"embeddable":true,"href":"https:\/\/drjorgesalvador.com\/en\/wp-json\/wp\/v2\/users\/1"}],"replies":[{"embeddable":true,"href":"https:\/\/drjorgesalvador.com\/en\/wp-json\/wp\/v2\/comments?post=256"}],"version-history":[{"count":15,"href":"https:\/\/drjorgesalvador.com\/en\/wp-json\/wp\/v2\/pages\/256\/revisions"}],"predecessor-version":[{"id":2377,"href":"https:\/\/drjorgesalvador.com\/en\/wp-json\/wp\/v2\/pages\/256\/revisions\/2377"}],"wp:attachment":[{"href":"https:\/\/drjorgesalvador.com\/en\/wp-json\/wp\/v2\/media?parent=256"}],"curies":[{"name":"wp","href":"https:\/\/api.w.org\/{rel}","templated":true}]}}