{"id":2138,"date":"2024-02-22T16:39:57","date_gmt":"2024-02-22T16:39:57","guid":{"rendered":"https:\/\/drjorgesalvador.com\/?page_id=2138"},"modified":"2024-02-22T16:39:58","modified_gmt":"2024-02-22T16:39:58","slug":"declaracion-de-accesibilidad","status":"publish","type":"page","link":"https:\/\/drjorgesalvador.com\/en\/declaracion-de-accesibilidad\/","title":{"rendered":"Accessibility statement"},"content":{"rendered":"<p>This is an accessibility statement by JORGE SALVADOR MAR\u00cdN:<\/p>\n\n\n\n<h2 class=\"wp-block-heading\">Compliance status<\/h2>\n\n\n\n<p>The Web Content Accessibility Guidelines (WCAG) define requirements for designers and developers to improve accessibility for people with disabilities. It defines three levels of conformance: Level A, Level AA and Level AAA. JORGE SALVADOR MAR\u00cdN is partially compliant with WCAG 2.1 level AA. Partially compliant means that some parts of the content do not fully conform to the accessibility standard.<\/p>","protected":false},"excerpt":{"rendered":"<p>\u00c9sta es una declaraci\u00f3n de accesibilidad de JORGE SALVADOR MAR\u00cdN: Estado de conformidad Las Pautas de Accesibilidad para el Contenido Web (WCAG) definen los requisitos para que los dise\u00f1adores y desarrolladores mejoren la accesibilidad para las personas con discapacidades. Define tres niveles de conformidad: Nivel A, Nivel AA y Nivel AAA. JORGE SALVADOR MAR\u00cdN es [&hellip;]<\/p>","protected":false},"author":1,"featured_media":0,"parent":0,"menu_order":0,"comment_status":"closed","ping_status":"closed","template":"","meta":{"_uag_custom_page_level_css":"","site-sidebar-layout":"default","site-content-layout":"","ast-site-content-layout":"default","site-content-style":"default","site-sidebar-style":"default","ast-global-header-display":"","ast-banner-title-visibility":"","ast-main-header-display":"","ast-hfb-above-header-display":"","ast-hfb-below-header-display":"","ast-hfb-mobile-header-display":"","site-post-title":"","ast-breadcrumbs-content":"","ast-featured-img":"","footer-sml-layout":"","theme-transparent-header-meta":"","adv-header-id-meta":"","stick-header-meta":"","header-above-stick-meta":"","header-main-stick-meta":"","header-below-stick-meta":"","astra-migrate-meta-layouts":"set","ast-page-background-enabled":"default","ast-page-background-meta":{"desktop":{"background-color":"","background-image":"","background-repeat":"repeat","background-position":"center center","background-size":"auto","background-attachment":"scroll","background-type":"","background-media":"","overlay-type":"","overlay-color":"","overlay-opacity":"","overlay-gradient":""},"tablet":{"background-color":"","background-image":"","background-repeat":"repeat","background-position":"center center","background-size":"auto","background-attachment":"scroll","background-type":"","background-media":"","overlay-type":"","overlay-color":"","overlay-opacity":"","overlay-gradient":""},"mobile":{"background-color":"","background-image":"","background-repeat":"repeat","background-position":"center center","background-size":"auto","background-attachment":"scroll","background-type":"","background-media":"","overlay-type":"","overlay-color":"","overlay-opacity":"","overlay-gradient":""}},"ast-content-background-meta":{"desktop":{"background-color":"var(--ast-global-color-5)","background-image":"","background-repeat":"repeat","background-position":"center center","background-size":"auto","background-attachment":"scroll","background-type":"","background-media":"","overlay-type":"","overlay-color":"","overlay-opacity":"","overlay-gradient":""},"tablet":{"background-color":"var(--ast-global-color-5)","background-image":"","background-repeat":"repeat","background-position":"center center","background-size":"auto","background-attachment":"scroll","background-type":"","background-media":"","overlay-type":"","overlay-color":"","overlay-opacity":"","overlay-gradient":""},"mobile":{"background-color":"var(--ast-global-color-5)","background-image":"","background-repeat":"repeat","background-position":"center center","background-size":"auto","background-attachment":"scroll","background-type":"","background-media":"","overlay-type":"","overlay-color":"","overlay-opacity":"","overlay-gradient":""}},"footnotes":""},"class_list":["post-2138","page","type-page","status-publish","hentry"],"yoast_head":"<!-- This site is optimized with the Yoast SEO plugin v26.2 - https:\/\/yoast.com\/wordpress\/plugins\/seo\/ -->\n<title>\u25b7 Declaraci\u00f3n de accesibilidad - Dr. Jorge Salvador<\/title>\n<meta name=\"robots\" content=\"index, follow, max-snippet:-1, max-image-preview:large, max-video-preview:-1\" \/>\n<link rel=\"canonical\" href=\"https:\/\/drjorgesalvador.com\/en\/declaracion-de-accesibilidad\/\" \/>\n<meta property=\"og:locale\" content=\"en_GB\" \/>\n<meta property=\"og:type\" content=\"article\" \/>\n<meta property=\"og:title\" content=\"\u25b7 Declaraci\u00f3n de accesibilidad - Dr. Jorge Salvador\" \/>\n<meta property=\"og:description\" content=\"\u00c9sta es una declaraci\u00f3n de accesibilidad de JORGE SALVADOR MAR\u00cdN: Estado de conformidad Las Pautas de Accesibilidad para el Contenido Web (WCAG) definen los requisitos para que los dise\u00f1adores y desarrolladores mejoren la accesibilidad para las personas con discapacidades. Define tres niveles de conformidad: Nivel A, Nivel AA y Nivel AAA. JORGE SALVADOR MAR\u00cdN es [&hellip;]\" \/>\n<meta property=\"og:url\" content=\"https:\/\/drjorgesalvador.com\/en\/declaracion-de-accesibilidad\/\" \/>\n<meta property=\"og:site_name\" content=\"Dr. Jorge Salvador\" \/>\n<meta property=\"article:modified_time\" content=\"2024-02-22T16:39:58+00:00\" \/>\n<meta name=\"twitter:card\" content=\"summary_large_image\" \/>\n<script type=\"application\/ld+json\" class=\"yoast-schema-graph\">{\"@context\":\"https:\/\/schema.org\",\"@graph\":[{\"@type\":\"WebPage\",\"@id\":\"https:\/\/drjorgesalvador.com\/declaracion-de-accesibilidad\/\",\"url\":\"https:\/\/drjorgesalvador.com\/declaracion-de-accesibilidad\/\",\"name\":\"\u25b7 Declaraci\u00f3n de accesibilidad - Dr. Jorge Salvador\",\"isPartOf\":{\"@id\":\"https:\/\/drjorgesalvador.com\/#website\"},\"datePublished\":\"2024-02-22T16:39:57+00:00\",\"dateModified\":\"2024-02-22T16:39:58+00:00\",\"breadcrumb\":{\"@id\":\"https:\/\/drjorgesalvador.com\/declaracion-de-accesibilidad\/#breadcrumb\"},\"inLanguage\":\"en-GB\",\"potentialAction\":[{\"@type\":\"ReadAction\",\"target\":[\"https:\/\/drjorgesalvador.com\/declaracion-de-accesibilidad\/\"]}]},{\"@type\":\"BreadcrumbList\",\"@id\":\"https:\/\/drjorgesalvador.com\/declaracion-de-accesibilidad\/#breadcrumb\",\"itemListElement\":[{\"@type\":\"ListItem\",\"position\":1,\"name\":\"Portada\",\"item\":\"https:\/\/drjorgesalvador.com\/\"},{\"@type\":\"ListItem\",\"position\":2,\"name\":\"Declaraci\u00f3n de accesibilidad\"}]},{\"@type\":\"WebSite\",\"@id\":\"https:\/\/drjorgesalvador.com\/#website\",\"url\":\"https:\/\/drjorgesalvador.com\/\",\"name\":\"Dr. Jorge Salvador\",\"description\":\"Cirujano ortop\u00e9dico y traumat\u00f3logo\",\"publisher\":{\"@id\":\"https:\/\/drjorgesalvador.com\/#organization\"},\"potentialAction\":[{\"@type\":\"SearchAction\",\"target\":{\"@type\":\"EntryPoint\",\"urlTemplate\":\"https:\/\/drjorgesalvador.com\/?s={search_term_string}\"},\"query-input\":{\"@type\":\"PropertyValueSpecification\",\"valueRequired\":true,\"valueName\":\"search_term_string\"}}],\"inLanguage\":\"en-GB\"},{\"@type\":\"Organization\",\"@id\":\"https:\/\/drjorgesalvador.com\/#organization\",\"name\":\"Dr. Jorge Salvador\",\"url\":\"https:\/\/drjorgesalvador.com\/\",\"logo\":{\"@type\":\"ImageObject\",\"inLanguage\":\"en-GB\",\"@id\":\"https:\/\/drjorgesalvador.com\/#\/schema\/logo\/image\/\",\"url\":\"https:\/\/drjorgesalvador.com\/wp-content\/uploads\/2024\/07\/Dr-Jorge-Salvador-Marin-logo.png\",\"contentUrl\":\"https:\/\/drjorgesalvador.com\/wp-content\/uploads\/2024\/07\/Dr-Jorge-Salvador-Marin-logo.png\",\"width\":339,\"height\":338,\"caption\":\"Dr. Jorge Salvador\"},\"image\":{\"@id\":\"https:\/\/drjorgesalvador.com\/#\/schema\/logo\/image\/\"}}]}<\/script>\n<!-- \/ Yoast SEO plugin. -->","yoast_head_json":{"title":"\u25b7 Declaraci\u00f3n de accesibilidad - Dr. Jorge Salvador","robots":{"index":"index","follow":"follow","max-snippet":"max-snippet:-1","max-image-preview":"max-image-preview:large","max-video-preview":"max-video-preview:-1"},"canonical":"https:\/\/drjorgesalvador.com\/en\/declaracion-de-accesibilidad\/","og_locale":"en_GB","og_type":"article","og_title":"\u25b7 Declaraci\u00f3n de accesibilidad - Dr. Jorge Salvador","og_description":"\u00c9sta es una declaraci\u00f3n de accesibilidad de JORGE SALVADOR MAR\u00cdN: Estado de conformidad Las Pautas de Accesibilidad para el Contenido Web (WCAG) definen los requisitos para que los dise\u00f1adores y desarrolladores mejoren la accesibilidad para las personas con discapacidades. Define tres niveles de conformidad: Nivel A, Nivel AA y Nivel AAA. JORGE SALVADOR MAR\u00cdN es [&hellip;]","og_url":"https:\/\/drjorgesalvador.com\/en\/declaracion-de-accesibilidad\/","og_site_name":"Dr. Jorge Salvador","article_modified_time":"2024-02-22T16:39:58+00:00","twitter_card":"summary_large_image","schema":{"@context":"https:\/\/schema.org","@graph":[{"@type":"WebPage","@id":"https:\/\/drjorgesalvador.com\/declaracion-de-accesibilidad\/","url":"https:\/\/drjorgesalvador.com\/declaracion-de-accesibilidad\/","name":"\u25b7 Declaraci\u00f3n de accesibilidad - Dr. Jorge Salvador","isPartOf":{"@id":"https:\/\/drjorgesalvador.com\/#website"},"datePublished":"2024-02-22T16:39:57+00:00","dateModified":"2024-02-22T16:39:58+00:00","breadcrumb":{"@id":"https:\/\/drjorgesalvador.com\/declaracion-de-accesibilidad\/#breadcrumb"},"inLanguage":"en-GB","potentialAction":[{"@type":"ReadAction","target":["https:\/\/drjorgesalvador.com\/declaracion-de-accesibilidad\/"]}]},{"@type":"BreadcrumbList","@id":"https:\/\/drjorgesalvador.com\/declaracion-de-accesibilidad\/#breadcrumb","itemListElement":[{"@type":"ListItem","position":1,"name":"Portada","item":"https:\/\/drjorgesalvador.com\/"},{"@type":"ListItem","position":2,"name":"Declaraci\u00f3n de accesibilidad"}]},{"@type":"WebSite","@id":"https:\/\/drjorgesalvador.com\/#website","url":"https:\/\/drjorgesalvador.com\/","name":"Dr. Jorge Salvador","description":"Cirujano ortop\u00e9dico y traumat\u00f3logo","publisher":{"@id":"https:\/\/drjorgesalvador.com\/#organization"},"potentialAction":[{"@type":"SearchAction","target":{"@type":"EntryPoint","urlTemplate":"https:\/\/drjorgesalvador.com\/?s={search_term_string}"},"query-input":{"@type":"PropertyValueSpecification","valueRequired":true,"valueName":"search_term_string"}}],"inLanguage":"en-GB"},{"@type":"Organization","@id":"https:\/\/drjorgesalvador.com\/#organization","name":"Dr. Jorge Salvador","url":"https:\/\/drjorgesalvador.com\/","logo":{"@type":"ImageObject","inLanguage":"en-GB","@id":"https:\/\/drjorgesalvador.com\/#\/schema\/logo\/image\/","url":"https:\/\/drjorgesalvador.com\/wp-content\/uploads\/2024\/07\/Dr-Jorge-Salvador-Marin-logo.png","contentUrl":"https:\/\/drjorgesalvador.com\/wp-content\/uploads\/2024\/07\/Dr-Jorge-Salvador-Marin-logo.png","width":339,"height":338,"caption":"Dr. Jorge Salvador"},"image":{"@id":"https:\/\/drjorgesalvador.com\/#\/schema\/logo\/image\/"}}]}},"uagb_featured_image_src":{"full":false,"thumbnail":false,"medium":false,"medium_large":false,"large":false,"1536x1536":false,"2048x2048":false,"trp-custom-language-flag":false},"uagb_author_info":{"display_name":"admin","author_link":"https:\/\/drjorgesalvador.com\/en\/author\/admin\/"},"uagb_comment_info":0,"uagb_excerpt":"\u00c9sta es una declaraci\u00f3n de accesibilidad de JORGE SALVADOR MAR\u00cdN: Estado de conformidad Las Pautas de Accesibilidad para el Contenido Web (WCAG) definen los requisitos para que los dise\u00f1adores y desarrolladores mejoren la accesibilidad para las personas con discapacidades. Define tres niveles de conformidad: Nivel A, Nivel AA y Nivel AAA. JORGE SALVADOR MAR\u00cdN es&hellip;","_links":{"self":[{"href":"https:\/\/drjorgesalvador.com\/en\/wp-json\/wp\/v2\/pages\/2138","targetHints":{"allow":["GET"]}}],"collection":[{"href":"https:\/\/drjorgesalvador.com\/en\/wp-json\/wp\/v2\/pages"}],"about":[{"href":"https:\/\/drjorgesalvador.com\/en\/wp-json\/wp\/v2\/types\/page"}],"author":[{"embeddable":true,"href":"https:\/\/drjorgesalvador.com\/en\/wp-json\/wp\/v2\/users\/1"}],"replies":[{"embeddable":true,"href":"https:\/\/drjorgesalvador.com\/en\/wp-json\/wp\/v2\/comments?post=2138"}],"version-history":[{"count":1,"href":"https:\/\/drjorgesalvador.com\/en\/wp-json\/wp\/v2\/pages\/2138\/revisions"}],"predecessor-version":[{"id":2139,"href":"https:\/\/drjorgesalvador.com\/en\/wp-json\/wp\/v2\/pages\/2138\/revisions\/2139"}],"wp:attachment":[{"href":"https:\/\/drjorgesalvador.com\/en\/wp-json\/wp\/v2\/media?parent=2138"}],"curies":[{"name":"wp","href":"https:\/\/api.w.org\/{rel}","templated":true}]}}