{"id":2085,"date":"2024-02-22T13:48:52","date_gmt":"2024-02-22T13:48:52","guid":{"rendered":"https:\/\/drjorgesalvador.com\/?page_id=2085"},"modified":"2024-07-19T21:04:40","modified_gmt":"2024-07-19T21:04:40","slug":"impresion-3d","status":"publish","type":"page","link":"https:\/\/drjorgesalvador.com\/en\/impresion-3d\/","title":{"rendered":"3D printing"},"content":{"rendered":"<div class=\"wp-block-uagb-container uagb-block-7be2d7a7 alignfull uagb-is-root-container\"><div class=\"uagb-container-inner-blocks-wrap\">\n<div class=\"wp-block-uagb-advanced-heading uagb-block-1e3aa20a\"><h1 class=\"uagb-heading-text\">3D printing<\/h1><p class=\"uagb-desc-text\">La impresi\u00f3n 3D se ha convertido en una herramienta valiosa en el campo de la cirug\u00eda ortop\u00e9dica, permitiendo la creaci\u00f3n de implantes personalizados y modelos anat\u00f3micos precisos para mejorar la planificaci\u00f3n quir\u00fargica y los resultados para el paciente.<\/p><\/div>\n<\/div><\/div>\n\n\n\n<div class=\"wp-block-uagb-container uagb-block-31e6e688 alignfull uagb-is-root-container\"><div class=\"uagb-container-inner-blocks-wrap\">\n<div class=\"wp-block-uagb-container uagb-block-572a5445\">\n<div class=\"wp-block-uagb-image uagb-block-6fc35146 wp-block-uagb-image--layout-default wp-block-uagb-image--effect-static wp-block-uagb-image--align-none\"><figure class=\"wp-block-uagb-image__figure\"><img decoding=\"async\" srcset=\"https:\/\/drjorgesalvador.com\/wp-content\/uploads\/2024\/02\/3d-foot-bone-on-print-bed-in-technicians-hands-2024-01-26-03-07-50-utc-edited-scaled.jpg ,https:\/\/drjorgesalvador.com\/wp-content\/uploads\/2024\/02\/3d-foot-bone-on-print-bed-in-technicians-hands-2024-01-26-03-07-50-utc-scaled.jpg 780w, https:\/\/drjorgesalvador.com\/wp-content\/uploads\/2024\/02\/3d-foot-bone-on-print-bed-in-technicians-hands-2024-01-26-03-07-50-utc-scaled.jpg 360w\" sizes=\"auto, (max-width: 480px) 150px\" src=\"https:\/\/drjorgesalvador.com\/wp-content\/uploads\/2024\/02\/3d-foot-bone-on-print-bed-in-technicians-hands-2024-01-26-03-07-50-utc-edited-scaled.jpg\" alt=\"\" class=\"uag-image-2108\" width=\"1024\" height=\"683\" title=\"\" loading=\"lazy\" role=\"img\"\/><\/figure><\/div>\n<\/div>\n\n\n\n<div class=\"wp-block-uagb-container uagb-block-74e050db\">\n<div class=\"wp-block-uagb-advanced-heading uagb-block-17813076\"><h2 class=\"uagb-heading-text\">Beneficios<\/h2><\/div>\n\n\n\n<div class=\"wp-block-uagb-container uagb-block-3827b633 alignfull uagb-is-root-container\"><div class=\"uagb-container-inner-blocks-wrap\">\n<div class=\"wp-block-uagb-container uagb-block-f47611c7\">\n<div class=\"wp-block-uagb-info-box uagb-block-9cb3d8cb uagb-infobox__content-wrap  uagb-infobox-icon-left uagb-infobox-left uagb-infobox-image-valign-top\"><div class=\"uagb-ifb-content\"><div class=\"uagb-ifb-title-wrap\"><h4 class=\"uagb-ifb-title\">01. Mejora de la precisi\u00f3n quir\u00fargica<\/h4><\/div><p class=\"uagb-ifb-desc\">La impresi\u00f3n 3D permite la creaci\u00f3n de implantes personalizados que se adaptan perfectamente a la anatom\u00eda del paciente, lo que mejora la precisi\u00f3n durante la cirug\u00eda.<\/p><\/div><\/div>\n<\/div>\n<\/div><\/div>\n\n\n\n<div class=\"wp-block-uagb-container uagb-block-0676c7bb alignfull uagb-is-root-container\"><div class=\"uagb-container-inner-blocks-wrap\">\n<div class=\"wp-block-uagb-container uagb-block-b64f50dd\">\n<div class=\"wp-block-uagb-info-box uagb-block-17f4a1f4 uagb-infobox__content-wrap  uagb-infobox-icon-left uagb-infobox-left uagb-infobox-image-valign-top\"><div class=\"uagb-ifb-content\"><div class=\"uagb-ifb-title-wrap\"><h4 class=\"uagb-ifb-title\">02. Reducci\u00f3n del tiempo quir\u00fargico<\/h4><\/div><p class=\"uagb-ifb-desc\">Al proporcionar modelos anat\u00f3micos precisos y gu\u00edas quir\u00fargicas personalizadas, la impresi\u00f3n 3D puede reducir el tiempo quir\u00fargico y mejorar la eficiencia del procedimiento.<\/p><\/div><\/div>\n\n\n\n<div class=\"wp-block-uagb-info-box uagb-block-c55bf524 uagb-infobox__content-wrap  uagb-infobox-icon-above-title uagb-infobox-image-valign-top\"><div class=\"uagb-ifb-content\"><div class=\"uagb-ifb-title-wrap\"><h4 class=\"uagb-ifb-title\">03. Mejores resultados para el paciente<\/h4><\/div><p class=\"uagb-ifb-desc\">Los implantes personalizados y la planificaci\u00f3n quir\u00fargica mejorada proporcionados por la impresi\u00f3n 3D pueden llevar a mejores resultados quir\u00fargicos y una recuperaci\u00f3n m\u00e1s r\u00e1pida para el paciente.<\/p><\/div><\/div>\n<\/div>\n<\/div><\/div>\n<\/div>\n<\/div><\/div>\n\n\n\n<div class=\"wp-block-uagb-container uagb-block-55023a2c alignfull uagb-is-root-container\"><div class=\"uagb-container-inner-blocks-wrap\">\n<div class=\"wp-block-uagb-advanced-heading uagb-block-bc6e3e5c\"><h2 class=\"uagb-heading-text\">FAQ<\/h2><\/div>\n\n\n\n<div class=\"wp-block-uagb-advanced-heading uagb-block-f57f490c\"><p class=\"uagb-heading-text\">Frequently asked questions:<\/p><\/div>\n\n\n<div class=\"wp-block-uagb-faq uagb-faq__outer-wrap uagb-block-1c071db6 uagb-faq-icon-row-reverse uagb-faq-layout-accordion uagb-faq-expand-first-true uagb-faq-inactive-other-true uagb-faq__wrap uagb-buttons-layout-wrap uagb-faq-equal-height\" data-faqtoggle=\"true\" role=\"tablist\"><div class=\"wp-block-uagb-faq-child uagb-faq-child__outer-wrap uagb-faq-item uagb-block-83b57745\" role=\"tab\" tabindex=\"0\"><div class=\"uagb-faq-questions-button uagb-faq-questions\">\t\t\t<span class=\"uagb-icon uagb-faq-icon-wrap\">\n\t\t\t\t\t\t\t\t<svg xmlns=\"https:\/\/www.w3.org\/2000\/svg\" viewbox= \"0 0 448 512\"><path d=\"M432 256c0 17.69-14.33 32.01-32 32.01H256v144c0 17.69-14.33 31.99-32 31.99s-32-14.3-32-31.99v-144H48c-17.67 0-32-14.32-32-32.01s14.33-31.99 32-31.99H192v-144c0-17.69 14.33-32.01 32-32.01s32 14.32 32 32.01v144h144C417.7 224 432 238.3 432 256z\"><\/path><\/svg>\n\t\t\t\t\t\t\t<\/span>\n\t\t\t\t\t\t<span class=\"uagb-icon-active uagb-faq-icon-wrap\">\n\t\t\t\t\t\t\t\t<svg xmlns=\"https:\/\/www.w3.org\/2000\/svg\" viewbox= \"0 0 448 512\"><path d=\"M400 288h-352c-17.69 0-32-14.32-32-32.01s14.31-31.99 32-31.99h352c17.69 0 32 14.3 32 31.99S417.7 288 400 288z\"><\/path><\/svg>\n\t\t\t\t\t\t\t<\/span>\n\t\t\t<span class=\"uagb-question\">\u00bfQu\u00e9 aplicaciones tiene la impresi\u00f3n 3D en cirug\u00eda?<\/span><\/div><div class=\"uagb-faq-content\"><p>La impresi\u00f3n 3D se utiliza en la fabricaci\u00f3n de implantes personalizados, modelos anat\u00f3micos para planificaci\u00f3n quir\u00fargica y gu\u00edas quir\u00fargicas personalizadas.<\/p><\/div><\/div><div class=\"wp-block-uagb-faq-child uagb-faq-child__outer-wrap uagb-faq-item uagb-block-fbd15cce\" role=\"tab\" tabindex=\"0\"><div class=\"uagb-faq-questions-button uagb-faq-questions\">\t\t\t<span class=\"uagb-icon uagb-faq-icon-wrap\">\n\t\t\t\t\t\t\t\t<svg xmlns=\"https:\/\/www.w3.org\/2000\/svg\" viewbox= \"0 0 448 512\"><path d=\"M432 256c0 17.69-14.33 32.01-32 32.01H256v144c0 17.69-14.33 31.99-32 31.99s-32-14.3-32-31.99v-144H48c-17.67 0-32-14.32-32-32.01s14.33-31.99 32-31.99H192v-144c0-17.69 14.33-32.01 32-32.01s32 14.32 32 32.01v144h144C417.7 224 432 238.3 432 256z\"><\/path><\/svg>\n\t\t\t\t\t\t\t<\/span>\n\t\t\t\t\t\t<span class=\"uagb-icon-active uagb-faq-icon-wrap\">\n\t\t\t\t\t\t\t\t<svg xmlns=\"https:\/\/www.w3.org\/2000\/svg\" viewbox= \"0 0 448 512\"><path d=\"M400 288h-352c-17.69 0-32-14.32-32-32.01s14.31-31.99 32-31.99h352c17.69 0 32 14.3 32 31.99S417.7 288 400 288z\"><\/path><\/svg>\n\t\t\t\t\t\t\t<\/span>\n\t\t\t<span class=\"uagb-question\">Who is it for?<\/span><\/div><div class=\"uagb-faq-content\"><p>La impresi\u00f3n 3D se utiliza en una variedad de procedimientos ortop\u00e9dicos, especialmente aquellos que requieren un alto grado de precisi\u00f3n y personalizaci\u00f3n.<\/p><\/div><\/div><div class=\"wp-block-uagb-faq-child uagb-faq-child__outer-wrap uagb-faq-item uagb-block-0faddb04\" role=\"tab\" tabindex=\"0\"><div class=\"uagb-faq-questions-button uagb-faq-questions\">\t\t\t<span class=\"uagb-icon uagb-faq-icon-wrap\">\n\t\t\t\t\t\t\t\t<svg xmlns=\"https:\/\/www.w3.org\/2000\/svg\" viewbox= \"0 0 448 512\"><path d=\"M432 256c0 17.69-14.33 32.01-32 32.01H256v144c0 17.69-14.33 31.99-32 31.99s-32-14.3-32-31.99v-144H48c-17.67 0-32-14.32-32-32.01s14.33-31.99 32-31.99H192v-144c0-17.69 14.33-32.01 32-32.01s32 14.32 32 32.01v144h144C417.7 224 432 238.3 432 256z\"><\/path><\/svg>\n\t\t\t\t\t\t\t<\/span>\n\t\t\t\t\t\t<span class=\"uagb-icon-active uagb-faq-icon-wrap\">\n\t\t\t\t\t\t\t\t<svg xmlns=\"https:\/\/www.w3.org\/2000\/svg\" viewbox= \"0 0 448 512\"><path d=\"M400 288h-352c-17.69 0-32-14.32-32-32.01s14.31-31.99 32-31.99h352c17.69 0 32 14.3 32 31.99S417.7 288 400 288z\"><\/path><\/svg>\n\t\t\t\t\t\t\t<\/span>\n\t\t\t<span class=\"uagb-question\">How do I know if it is right for me?<\/span><\/div><div class=\"uagb-faq-content\"><p>Su cirujano ortop\u00e9dico determinar\u00e1 si la impresi\u00f3n 3D es adecuada para su caso espec\u00edfico durante la evaluaci\u00f3n preoperatoria.<\/p><\/div><\/div><div class=\"wp-block-uagb-faq-child uagb-faq-child__outer-wrap uagb-faq-item uagb-block-2f5f4e6e\" role=\"tab\" tabindex=\"0\"><div class=\"uagb-faq-questions-button uagb-faq-questions\">\t\t\t<span class=\"uagb-icon uagb-faq-icon-wrap\">\n\t\t\t\t\t\t\t\t<svg xmlns=\"https:\/\/www.w3.org\/2000\/svg\" viewbox= \"0 0 448 512\"><path d=\"M432 256c0 17.69-14.33 32.01-32 32.01H256v144c0 17.69-14.33 31.99-32 31.99s-32-14.3-32-31.99v-144H48c-17.67 0-32-14.32-32-32.01s14.33-31.99 32-31.99H192v-144c0-17.69 14.33-32.01 32-32.01s32 14.32 32 32.01v144h144C417.7 224 432 238.3 432 256z\"><\/path><\/svg>\n\t\t\t\t\t\t\t<\/span>\n\t\t\t\t\t\t<span class=\"uagb-icon-active uagb-faq-icon-wrap\">\n\t\t\t\t\t\t\t\t<svg xmlns=\"https:\/\/www.w3.org\/2000\/svg\" viewbox= \"0 0 448 512\"><path d=\"M400 288h-352c-17.69 0-32-14.32-32-32.01s14.31-31.99 32-31.99h352c17.69 0 32 14.3 32 31.99S417.7 288 400 288z\"><\/path><\/svg>\n\t\t\t\t\t\t\t<\/span>\n\t\t\t<span class=\"uagb-question\">What should I know about anaesthesia and the postoperative period?<\/span><\/div><div class=\"uagb-faq-content\"><p>La impresi\u00f3n 3D no afecta directamente a la anestesia o al postoperatorio, pero puede contribuir a mejorar los resultados quir\u00fargicos y la experiencia del paciente en general.<\/p><\/div><\/div><\/div><\/div><\/div>","protected":false},"excerpt":{"rendered":"<p>Impresi\u00f3n 3D La impresi\u00f3n 3D se ha convertido en una herramienta valiosa en el campo de la cirug\u00eda ortop\u00e9dica, permitiendo la creaci\u00f3n de implantes personalizados y modelos anat\u00f3micos precisos para mejorar la planificaci\u00f3n quir\u00fargica y los resultados para el paciente. Beneficios FAQ Preguntas m\u00e1s frecuentes:<\/p>","protected":false},"author":1,"featured_media":0,"parent":0,"menu_order":0,"comment_status":"closed","ping_status":"closed","template":"","meta":{"_uag_custom_page_level_css":"","site-sidebar-layout":"default","site-content-layout":"","ast-site-content-layout":"normal-width-container","site-content-style":"unboxed","site-sidebar-style":"default","ast-global-header-display":"","ast-banner-title-visibility":"","ast-main-header-display":"","ast-hfb-above-header-display":"","ast-hfb-below-header-display":"","ast-hfb-mobile-header-display":"","site-post-title":"disabled","ast-breadcrumbs-content":"","ast-featured-img":"","footer-sml-layout":"","theme-transparent-header-meta":"enabled","adv-header-id-meta":"","stick-header-meta":"","header-above-stick-meta":"","header-main-stick-meta":"","header-below-stick-meta":"","astra-migrate-meta-layouts":"set","ast-page-background-enabled":"default","ast-page-background-meta":{"desktop":{"background-color":"","background-image":"","background-repeat":"repeat","background-position":"center center","background-size":"auto","background-attachment":"scroll","background-type":"","background-media":"","overlay-type":"","overlay-color":"","overlay-opacity":"","overlay-gradient":""},"tablet":{"background-color":"","background-image":"","background-repeat":"repeat","background-position":"center center","background-size":"auto","background-attachment":"scroll","background-type":"","background-media":"","overlay-type":"","overlay-color":"","overlay-opacity":"","overlay-gradient":""},"mobile":{"background-color":"","background-image":"","background-repeat":"repeat","background-position":"center center","background-size":"auto","background-attachment":"scroll","background-type":"","background-media":"","overlay-type":"","overlay-color":"","overlay-opacity":"","overlay-gradient":""}},"ast-content-background-meta":{"desktop":{"background-color":"var(--ast-global-color-5)","background-image":"","background-repeat":"repeat","background-position":"center center","background-size":"auto","background-attachment":"scroll","background-type":"","background-media":"","overlay-type":"","overlay-color":"","overlay-opacity":"","overlay-gradient":""},"tablet":{"background-color":"var(--ast-global-color-5)","background-image":"","background-repeat":"repeat","background-position":"center center","background-size":"auto","background-attachment":"scroll","background-type":"","background-media":"","overlay-type":"","overlay-color":"","overlay-opacity":"","overlay-gradient":""},"mobile":{"background-color":"var(--ast-global-color-5)","background-image":"","background-repeat":"repeat","background-position":"center center","background-size":"auto","background-attachment":"scroll","background-type":"","background-media":"","overlay-type":"","overlay-color":"","overlay-opacity":"","overlay-gradient":""}},"footnotes":""},"class_list":["post-2085","page","type-page","status-publish","hentry"],"yoast_head":"<!-- This site is optimized with the Yoast SEO plugin v26.2 - https:\/\/yoast.com\/wordpress\/plugins\/seo\/ -->\n<title>\u25b7 Impresi\u00f3n 3D - Dr. Jorge Salvador<\/title>\n<meta name=\"robots\" content=\"index, follow, max-snippet:-1, max-image-preview:large, max-video-preview:-1\" \/>\n<link rel=\"canonical\" href=\"https:\/\/drjorgesalvador.com\/en\/impresion-3d\/\" \/>\n<meta property=\"og:locale\" content=\"en_GB\" \/>\n<meta property=\"og:type\" content=\"article\" \/>\n<meta property=\"og:title\" content=\"\u25b7 Impresi\u00f3n 3D - Dr. Jorge Salvador\" \/>\n<meta property=\"og:description\" content=\"Impresi\u00f3n 3D La impresi\u00f3n 3D se ha convertido en una herramienta valiosa en el campo de la cirug\u00eda ortop\u00e9dica, permitiendo la creaci\u00f3n de implantes personalizados y modelos anat\u00f3micos precisos para mejorar la planificaci\u00f3n quir\u00fargica y los resultados para el paciente. Beneficios FAQ Preguntas m\u00e1s frecuentes:\" \/>\n<meta property=\"og:url\" content=\"https:\/\/drjorgesalvador.com\/en\/impresion-3d\/\" \/>\n<meta property=\"og:site_name\" content=\"Dr. Jorge Salvador\" \/>\n<meta property=\"article:modified_time\" content=\"2024-07-19T21:04:40+00:00\" \/>\n<meta property=\"og:image\" content=\"https:\/\/drjorgesalvador.com\/wp-content\/uploads\/2024\/02\/3d-foot-bone-on-print-bed-in-technicians-hands-2024-01-26-03-07-50-utc-edited-scaled.jpg\" \/>\n<meta name=\"twitter:card\" content=\"summary_large_image\" \/>\n<meta name=\"twitter:label1\" content=\"Estimated reading time\" \/>\n\t<meta name=\"twitter:data1\" content=\"1 minute\" \/>\n<script type=\"application\/ld+json\" class=\"yoast-schema-graph\">{\"@context\":\"https:\/\/schema.org\",\"@graph\":[{\"@type\":\"WebPage\",\"@id\":\"https:\/\/drjorgesalvador.com\/impresion-3d\/\",\"url\":\"https:\/\/drjorgesalvador.com\/impresion-3d\/\",\"name\":\"\u25b7 Impresi\u00f3n 3D - Dr. Jorge Salvador\",\"isPartOf\":{\"@id\":\"https:\/\/drjorgesalvador.com\/#website\"},\"primaryImageOfPage\":{\"@id\":\"https:\/\/drjorgesalvador.com\/impresion-3d\/#primaryimage\"},\"image\":{\"@id\":\"https:\/\/drjorgesalvador.com\/impresion-3d\/#primaryimage\"},\"thumbnailUrl\":\"https:\/\/drjorgesalvador.com\/wp-content\/uploads\/2024\/02\/3d-foot-bone-on-print-bed-in-technicians-hands-2024-01-26-03-07-50-utc-edited-scaled.jpg\",\"datePublished\":\"2024-02-22T13:48:52+00:00\",\"dateModified\":\"2024-07-19T21:04:40+00:00\",\"breadcrumb\":{\"@id\":\"https:\/\/drjorgesalvador.com\/impresion-3d\/#breadcrumb\"},\"inLanguage\":\"en-GB\",\"potentialAction\":[{\"@type\":\"ReadAction\",\"target\":[\"https:\/\/drjorgesalvador.com\/impresion-3d\/\"]}]},{\"@type\":\"ImageObject\",\"inLanguage\":\"en-GB\",\"@id\":\"https:\/\/drjorgesalvador.com\/impresion-3d\/#primaryimage\",\"url\":\"https:\/\/drjorgesalvador.com\/wp-content\/uploads\/2024\/02\/3d-foot-bone-on-print-bed-in-technicians-hands-2024-01-26-03-07-50-utc-edited-scaled.jpg\",\"contentUrl\":\"https:\/\/drjorgesalvador.com\/wp-content\/uploads\/2024\/02\/3d-foot-bone-on-print-bed-in-technicians-hands-2024-01-26-03-07-50-utc-edited-scaled.jpg\"},{\"@type\":\"BreadcrumbList\",\"@id\":\"https:\/\/drjorgesalvador.com\/impresion-3d\/#breadcrumb\",\"itemListElement\":[{\"@type\":\"ListItem\",\"position\":1,\"name\":\"Portada\",\"item\":\"https:\/\/drjorgesalvador.com\/\"},{\"@type\":\"ListItem\",\"position\":2,\"name\":\"Impresi\u00f3n 3D\"}]},{\"@type\":\"WebSite\",\"@id\":\"https:\/\/drjorgesalvador.com\/#website\",\"url\":\"https:\/\/drjorgesalvador.com\/\",\"name\":\"Dr. Jorge Salvador\",\"description\":\"Cirujano ortop\u00e9dico y traumat\u00f3logo\",\"publisher\":{\"@id\":\"https:\/\/drjorgesalvador.com\/#organization\"},\"potentialAction\":[{\"@type\":\"SearchAction\",\"target\":{\"@type\":\"EntryPoint\",\"urlTemplate\":\"https:\/\/drjorgesalvador.com\/?s={search_term_string}\"},\"query-input\":{\"@type\":\"PropertyValueSpecification\",\"valueRequired\":true,\"valueName\":\"search_term_string\"}}],\"inLanguage\":\"en-GB\"},{\"@type\":\"Organization\",\"@id\":\"https:\/\/drjorgesalvador.com\/#organization\",\"name\":\"Dr. Jorge Salvador\",\"url\":\"https:\/\/drjorgesalvador.com\/\",\"logo\":{\"@type\":\"ImageObject\",\"inLanguage\":\"en-GB\",\"@id\":\"https:\/\/drjorgesalvador.com\/#\/schema\/logo\/image\/\",\"url\":\"https:\/\/drjorgesalvador.com\/wp-content\/uploads\/2024\/07\/Dr-Jorge-Salvador-Marin-logo.png\",\"contentUrl\":\"https:\/\/drjorgesalvador.com\/wp-content\/uploads\/2024\/07\/Dr-Jorge-Salvador-Marin-logo.png\",\"width\":339,\"height\":338,\"caption\":\"Dr. Jorge Salvador\"},\"image\":{\"@id\":\"https:\/\/drjorgesalvador.com\/#\/schema\/logo\/image\/\"}}]}<\/script>\n<!-- \/ Yoast SEO plugin. -->","yoast_head_json":{"title":"\u25b7 Impresi\u00f3n 3D - Dr. Jorge Salvador","robots":{"index":"index","follow":"follow","max-snippet":"max-snippet:-1","max-image-preview":"max-image-preview:large","max-video-preview":"max-video-preview:-1"},"canonical":"https:\/\/drjorgesalvador.com\/en\/impresion-3d\/","og_locale":"en_GB","og_type":"article","og_title":"\u25b7 Impresi\u00f3n 3D - Dr. Jorge Salvador","og_description":"Impresi\u00f3n 3D La impresi\u00f3n 3D se ha convertido en una herramienta valiosa en el campo de la cirug\u00eda ortop\u00e9dica, permitiendo la creaci\u00f3n de implantes personalizados y modelos anat\u00f3micos precisos para mejorar la planificaci\u00f3n quir\u00fargica y los resultados para el paciente. Beneficios FAQ Preguntas m\u00e1s frecuentes:","og_url":"https:\/\/drjorgesalvador.com\/en\/impresion-3d\/","og_site_name":"Dr. Jorge Salvador","article_modified_time":"2024-07-19T21:04:40+00:00","og_image":[{"url":"https:\/\/drjorgesalvador.com\/wp-content\/uploads\/2024\/02\/3d-foot-bone-on-print-bed-in-technicians-hands-2024-01-26-03-07-50-utc-edited-scaled.jpg","type":"","width":"","height":""}],"twitter_card":"summary_large_image","twitter_misc":{"Estimated reading time":"1 minute"},"schema":{"@context":"https:\/\/schema.org","@graph":[{"@type":"WebPage","@id":"https:\/\/drjorgesalvador.com\/impresion-3d\/","url":"https:\/\/drjorgesalvador.com\/impresion-3d\/","name":"\u25b7 Impresi\u00f3n 3D - Dr. Jorge Salvador","isPartOf":{"@id":"https:\/\/drjorgesalvador.com\/#website"},"primaryImageOfPage":{"@id":"https:\/\/drjorgesalvador.com\/impresion-3d\/#primaryimage"},"image":{"@id":"https:\/\/drjorgesalvador.com\/impresion-3d\/#primaryimage"},"thumbnailUrl":"https:\/\/drjorgesalvador.com\/wp-content\/uploads\/2024\/02\/3d-foot-bone-on-print-bed-in-technicians-hands-2024-01-26-03-07-50-utc-edited-scaled.jpg","datePublished":"2024-02-22T13:48:52+00:00","dateModified":"2024-07-19T21:04:40+00:00","breadcrumb":{"@id":"https:\/\/drjorgesalvador.com\/impresion-3d\/#breadcrumb"},"inLanguage":"en-GB","potentialAction":[{"@type":"ReadAction","target":["https:\/\/drjorgesalvador.com\/impresion-3d\/"]}]},{"@type":"ImageObject","inLanguage":"en-GB","@id":"https:\/\/drjorgesalvador.com\/impresion-3d\/#primaryimage","url":"https:\/\/drjorgesalvador.com\/wp-content\/uploads\/2024\/02\/3d-foot-bone-on-print-bed-in-technicians-hands-2024-01-26-03-07-50-utc-edited-scaled.jpg","contentUrl":"https:\/\/drjorgesalvador.com\/wp-content\/uploads\/2024\/02\/3d-foot-bone-on-print-bed-in-technicians-hands-2024-01-26-03-07-50-utc-edited-scaled.jpg"},{"@type":"BreadcrumbList","@id":"https:\/\/drjorgesalvador.com\/impresion-3d\/#breadcrumb","itemListElement":[{"@type":"ListItem","position":1,"name":"Portada","item":"https:\/\/drjorgesalvador.com\/"},{"@type":"ListItem","position":2,"name":"Impresi\u00f3n 3D"}]},{"@type":"WebSite","@id":"https:\/\/drjorgesalvador.com\/#website","url":"https:\/\/drjorgesalvador.com\/","name":"Dr. Jorge Salvador","description":"Cirujano ortop\u00e9dico y traumat\u00f3logo","publisher":{"@id":"https:\/\/drjorgesalvador.com\/#organization"},"potentialAction":[{"@type":"SearchAction","target":{"@type":"EntryPoint","urlTemplate":"https:\/\/drjorgesalvador.com\/?s={search_term_string}"},"query-input":{"@type":"PropertyValueSpecification","valueRequired":true,"valueName":"search_term_string"}}],"inLanguage":"en-GB"},{"@type":"Organization","@id":"https:\/\/drjorgesalvador.com\/#organization","name":"Dr. Jorge Salvador","url":"https:\/\/drjorgesalvador.com\/","logo":{"@type":"ImageObject","inLanguage":"en-GB","@id":"https:\/\/drjorgesalvador.com\/#\/schema\/logo\/image\/","url":"https:\/\/drjorgesalvador.com\/wp-content\/uploads\/2024\/07\/Dr-Jorge-Salvador-Marin-logo.png","contentUrl":"https:\/\/drjorgesalvador.com\/wp-content\/uploads\/2024\/07\/Dr-Jorge-Salvador-Marin-logo.png","width":339,"height":338,"caption":"Dr. Jorge Salvador"},"image":{"@id":"https:\/\/drjorgesalvador.com\/#\/schema\/logo\/image\/"}}]}},"uagb_featured_image_src":{"full":false,"thumbnail":false,"medium":false,"medium_large":false,"large":false,"1536x1536":false,"2048x2048":false,"trp-custom-language-flag":false},"uagb_author_info":{"display_name":"admin","author_link":"https:\/\/drjorgesalvador.com\/en\/author\/admin\/"},"uagb_comment_info":0,"uagb_excerpt":"Impresi\u00f3n 3D La impresi\u00f3n 3D se ha convertido en una herramienta valiosa en el campo de la cirug\u00eda ortop\u00e9dica, permitiendo la creaci\u00f3n de implantes personalizados y modelos anat\u00f3micos precisos para mejorar la planificaci\u00f3n quir\u00fargica y los resultados para el paciente. Beneficios FAQ Preguntas m\u00e1s frecuentes:","_links":{"self":[{"href":"https:\/\/drjorgesalvador.com\/en\/wp-json\/wp\/v2\/pages\/2085","targetHints":{"allow":["GET"]}}],"collection":[{"href":"https:\/\/drjorgesalvador.com\/en\/wp-json\/wp\/v2\/pages"}],"about":[{"href":"https:\/\/drjorgesalvador.com\/en\/wp-json\/wp\/v2\/types\/page"}],"author":[{"embeddable":true,"href":"https:\/\/drjorgesalvador.com\/en\/wp-json\/wp\/v2\/users\/1"}],"replies":[{"embeddable":true,"href":"https:\/\/drjorgesalvador.com\/en\/wp-json\/wp\/v2\/comments?post=2085"}],"version-history":[{"count":3,"href":"https:\/\/drjorgesalvador.com\/en\/wp-json\/wp\/v2\/pages\/2085\/revisions"}],"predecessor-version":[{"id":2276,"href":"https:\/\/drjorgesalvador.com\/en\/wp-json\/wp\/v2\/pages\/2085\/revisions\/2276"}],"wp:attachment":[{"href":"https:\/\/drjorgesalvador.com\/en\/wp-json\/wp\/v2\/media?parent=2085"}],"curies":[{"name":"wp","href":"https:\/\/api.w.org\/{rel}","templated":true}]}}