{"id":2082,"date":"2024-02-22T13:29:44","date_gmt":"2024-02-22T13:29:44","guid":{"rendered":"https:\/\/drjorgesalvador.com\/?page_id=2082"},"modified":"2024-08-09T18:54:51","modified_gmt":"2024-08-09T18:54:51","slug":"cirugia-protesica","status":"publish","type":"page","link":"https:\/\/drjorgesalvador.com\/en\/cirugia-protesica\/","title":{"rendered":"Prosthetic surgery"},"content":{"rendered":"<div class=\"wp-block-uagb-container uagb-block-7be2d7a7 alignfull uagb-is-root-container\"><div class=\"uagb-container-inner-blocks-wrap\">\n<div class=\"wp-block-uagb-advanced-heading uagb-block-1e3aa20a\"><h1 class=\"uagb-heading-text\">Prosthetic surgery<\/h1><p class=\"uagb-desc-text\">El doctor Salvador es un especialista en cirug\u00eda ortop\u00e9dica prot\u00e9sica. Realiza procedimientos de recambio articular en rodilla, hombro, cadera y mu\u00f1eca.<\/p><\/div>\n\n\n\n<div class=\"wp-block-uagb-advanced-heading uagb-block-250512a0\"><h5 class=\"uagb-heading-text\">La cirug\u00eda prot\u00e9sica, conocida como artroplastia, se utiliza como \u00faltimo recurso para pacientes con articulaciones gravemente da\u00f1adas debido a artrosis u otras lesiones. La artroplastia es un procedimiento quir\u00fargico que implica la extracci\u00f3n, reparaci\u00f3n y sustituci\u00f3n parcial o total de una articulaci\u00f3n mediante una pr\u00f3tesis. Este tipo de cirug\u00eda es com\u00fan en casos de desgaste del cart\u00edlago o hueso debido a enfermedades como la artrosis o la artritis.<\/h5><\/div>\n\n\n\n<div class=\"wp-block-uagb-advanced-heading uagb-block-76788612\"><h2 class=\"uagb-heading-text\">\u00bfQu\u00e9 es la artroplastia?<\/h2><p class=\"uagb-desc-text\">Principales caracter\u00edsticas de la cirug\u00eda prot\u00e9sica<\/p><\/div>\n\n\n\n<p class=\"has-text-align-center\">La artroplastia consiste en la <strong>reconstrucci\u00f3n de una articulaci\u00f3n<\/strong>, la cual se puede realizar recubriendo los extremos de los huesos o mediante el uso de una articulaci\u00f3n artificial, com\u00fanmente conocida como <strong>pr\u00f3tesis<\/strong>. Este tratamiento permite <strong>abordar lesiones y prevenir futuras dolencias<\/strong> en los pacientes. Durante la artroplastia, la articulaci\u00f3n da\u00f1ada se reemplaza con piezas hechas de materiales como cromo, cobalto, titanio y polietileno de alta densidad, proporcionando una <strong>soluci\u00f3n duradera y eficaz<\/strong> para mejorar la calidad de vida del paciente.<\/p>\n<\/div><\/div>\n\n\n\n<div class=\"wp-block-uagb-container uagb-block-31e6e688 alignfull uagb-is-root-container\"><div class=\"uagb-container-inner-blocks-wrap\">\n<div class=\"wp-block-uagb-container uagb-block-572a5445\">\n<div class=\"wp-block-uagb-image uagb-block-6fc35146 wp-block-uagb-image--layout-default wp-block-uagb-image--effect-static wp-block-uagb-image--align-none\"><figure class=\"wp-block-uagb-image__figure\"><img decoding=\"async\" srcset=\"https:\/\/drjorgesalvador.com\/wp-content\/uploads\/2024\/08\/foto-artroplastia-668x1024.jpg ,https:\/\/drjorgesalvador.com\/wp-content\/uploads\/2024\/08\/foto-artroplastia.jpg 780w, https:\/\/drjorgesalvador.com\/wp-content\/uploads\/2024\/08\/foto-artroplastia.jpg 360w\" sizes=\"auto, (max-width: 480px) 150px\" src=\"https:\/\/drjorgesalvador.com\/wp-content\/uploads\/2024\/08\/foto-artroplastia-668x1024.jpg\" alt=\"\" class=\"uag-image-2312\" width=\"668\" height=\"1024\" title=\"foto-artroplastia\" loading=\"lazy\" role=\"img\"\/><\/figure><\/div>\n<\/div>\n\n\n\n<div class=\"wp-block-uagb-container uagb-block-74e050db\">\n<div class=\"wp-block-uagb-advanced-heading uagb-block-17813076\"><h2 class=\"uagb-heading-text\">Beneficios<\/h2><\/div>\n\n\n\n<div class=\"wp-block-uagb-container uagb-block-3827b633 alignfull uagb-is-root-container\"><div class=\"uagb-container-inner-blocks-wrap\">\n<div class=\"wp-block-uagb-container uagb-block-f47611c7\">\n<div class=\"wp-block-uagb-info-box uagb-block-9cb3d8cb uagb-infobox__content-wrap  uagb-infobox-icon-left uagb-infobox-left uagb-infobox-image-valign-top\"><div class=\"uagb-ifb-content\"><div class=\"uagb-ifb-title-wrap\"><h4 class=\"uagb-ifb-title\">01. Reducci\u00f3n del dolor<\/h4><\/div><p class=\"uagb-ifb-desc\">La cirug\u00eda prot\u00e9sica puede reducir significativamente el dolor cr\u00f3nico y la incomodidad asociada con la enfermedad articular avanzada.<\/p><\/div><\/div>\n<\/div>\n<\/div><\/div>\n\n\n\n<div class=\"wp-block-uagb-container uagb-block-0676c7bb alignfull uagb-is-root-container\"><div class=\"uagb-container-inner-blocks-wrap\">\n<div class=\"wp-block-uagb-container uagb-block-b64f50dd\">\n<div class=\"wp-block-uagb-info-box uagb-block-17f4a1f4 uagb-infobox__content-wrap  uagb-infobox-icon-left uagb-infobox-left uagb-infobox-image-valign-top\"><div class=\"uagb-ifb-content\"><div class=\"uagb-ifb-title-wrap\"><h4 class=\"uagb-ifb-title\">02. Mejora de la movilidad<\/h4><\/div><p class=\"uagb-ifb-desc\">Las pr\u00f3tesis articulares pueden restaurar la funci\u00f3n y movilidad de la articulaci\u00f3n afectada, lo que permite a los pacientes realizar actividades diarias con mayor comodidad.<\/p><\/div><\/div>\n\n\n\n<div class=\"wp-block-uagb-info-box uagb-block-c55bf524 uagb-infobox__content-wrap  uagb-infobox-icon-above-title uagb-infobox-image-valign-top\"><div class=\"uagb-ifb-content\"><div class=\"uagb-ifb-title-wrap\"><h4 class=\"uagb-ifb-title\">03. Mejora de la calidad de vida<\/h4><\/div><p class=\"uagb-ifb-desc\">Al eliminar el dolor y restaurar la funci\u00f3n, la cirug\u00eda prot\u00e9sica puede mejorar significativamente la calidad de vida de los pacientes, permiti\u00e9ndoles participar en actividades que antes les eran dif\u00edciles.<\/p><\/div><\/div>\n<\/div>\n<\/div><\/div>\n<\/div>\n<\/div><\/div>\n\n\n\n<div class=\"wp-block-uagb-container uagb-block-55023a2c alignfull uagb-is-root-container\"><div class=\"uagb-container-inner-blocks-wrap\">\n<div class=\"wp-block-uagb-advanced-heading uagb-block-bc6e3e5c\"><h2 class=\"uagb-heading-text\">FAQ<\/h2><\/div>\n\n\n\n<div class=\"wp-block-uagb-advanced-heading uagb-block-f57f490c\"><p class=\"uagb-heading-text\">Frequently asked questions:<\/p><\/div>\n\n\n<div class=\"wp-block-uagb-faq uagb-faq__outer-wrap uagb-block-1c071db6 uagb-faq-icon-row-reverse uagb-faq-layout-accordion uagb-faq-expand-first-true uagb-faq-inactive-other-true uagb-faq__wrap uagb-buttons-layout-wrap uagb-faq-equal-height\" data-faqtoggle=\"true\" role=\"tablist\"><div class=\"wp-block-uagb-faq-child uagb-faq-child__outer-wrap uagb-faq-item uagb-block-83b57745\" role=\"tab\" tabindex=\"0\"><div class=\"uagb-faq-questions-button uagb-faq-questions\">\t\t\t<span class=\"uagb-icon uagb-faq-icon-wrap\">\n\t\t\t\t\t\t\t\t<svg xmlns=\"https:\/\/www.w3.org\/2000\/svg\" viewbox= \"0 0 448 512\"><path d=\"M432 256c0 17.69-14.33 32.01-32 32.01H256v144c0 17.69-14.33 31.99-32 31.99s-32-14.3-32-31.99v-144H48c-17.67 0-32-14.32-32-32.01s14.33-31.99 32-31.99H192v-144c0-17.69 14.33-32.01 32-32.01s32 14.32 32 32.01v144h144C417.7 224 432 238.3 432 256z\"><\/path><\/svg>\n\t\t\t\t\t\t\t<\/span>\n\t\t\t\t\t\t<span class=\"uagb-icon-active uagb-faq-icon-wrap\">\n\t\t\t\t\t\t\t\t<svg xmlns=\"https:\/\/www.w3.org\/2000\/svg\" viewbox= \"0 0 448 512\"><path d=\"M400 288h-352c-17.69 0-32-14.32-32-32.01s14.31-31.99 32-31.99h352c17.69 0 32 14.3 32 31.99S417.7 288 400 288z\"><\/path><\/svg>\n\t\t\t\t\t\t\t<\/span>\n\t\t\t<span class=\"uagb-question\">\u00bfD\u00f3nde se puede poner una pr\u00f3tesis?<\/span><\/div><div class=\"uagb-faq-content\"><p>La cirug\u00eda prot\u00e9sica se puede realizar en varias articulaciones, como la cadera, la rodilla, el hombro y la articulaci\u00f3n de la mano, utilizando una variedad de tipos de pr\u00f3tesis dise\u00f1adas para adaptarse a las necesidades espec\u00edficas de cada paciente.<\/p><\/div><\/div><div class=\"wp-block-uagb-faq-child uagb-faq-child__outer-wrap uagb-faq-item uagb-block-fbd15cce\" role=\"tab\" tabindex=\"0\"><div class=\"uagb-faq-questions-button uagb-faq-questions\">\t\t\t<span class=\"uagb-icon uagb-faq-icon-wrap\">\n\t\t\t\t\t\t\t\t<svg xmlns=\"https:\/\/www.w3.org\/2000\/svg\" viewbox= \"0 0 448 512\"><path d=\"M432 256c0 17.69-14.33 32.01-32 32.01H256v144c0 17.69-14.33 31.99-32 31.99s-32-14.3-32-31.99v-144H48c-17.67 0-32-14.32-32-32.01s14.33-31.99 32-31.99H192v-144c0-17.69 14.33-32.01 32-32.01s32 14.32 32 32.01v144h144C417.7 224 432 238.3 432 256z\"><\/path><\/svg>\n\t\t\t\t\t\t\t<\/span>\n\t\t\t\t\t\t<span class=\"uagb-icon-active uagb-faq-icon-wrap\">\n\t\t\t\t\t\t\t\t<svg xmlns=\"https:\/\/www.w3.org\/2000\/svg\" viewbox= \"0 0 448 512\"><path d=\"M400 288h-352c-17.69 0-32-14.32-32-32.01s14.31-31.99 32-31.99h352c17.69 0 32 14.3 32 31.99S417.7 288 400 288z\"><\/path><\/svg>\n\t\t\t\t\t\t\t<\/span>\n\t\t\t<span class=\"uagb-question\">Who is it for?<\/span><\/div><div class=\"uagb-faq-content\"><p>La cirug\u00eda prot\u00e9sica est\u00e1 indicada para pacientes con dolor cr\u00f3nico y discapacidad debido a enfermedades articulares como la osteoartritis, artritis reumatoide o necrosis avascular que no han respondido al tratamiento conservador.<\/p><\/div><\/div><div class=\"wp-block-uagb-faq-child uagb-faq-child__outer-wrap uagb-faq-item uagb-block-0faddb04\" role=\"tab\" tabindex=\"0\"><div class=\"uagb-faq-questions-button uagb-faq-questions\">\t\t\t<span class=\"uagb-icon uagb-faq-icon-wrap\">\n\t\t\t\t\t\t\t\t<svg xmlns=\"https:\/\/www.w3.org\/2000\/svg\" viewbox= \"0 0 448 512\"><path d=\"M432 256c0 17.69-14.33 32.01-32 32.01H256v144c0 17.69-14.33 31.99-32 31.99s-32-14.3-32-31.99v-144H48c-17.67 0-32-14.32-32-32.01s14.33-31.99 32-31.99H192v-144c0-17.69 14.33-32.01 32-32.01s32 14.32 32 32.01v144h144C417.7 224 432 238.3 432 256z\"><\/path><\/svg>\n\t\t\t\t\t\t\t<\/span>\n\t\t\t\t\t\t<span class=\"uagb-icon-active uagb-faq-icon-wrap\">\n\t\t\t\t\t\t\t\t<svg xmlns=\"https:\/\/www.w3.org\/2000\/svg\" viewbox= \"0 0 448 512\"><path d=\"M400 288h-352c-17.69 0-32-14.32-32-32.01s14.31-31.99 32-31.99h352c17.69 0 32 14.3 32 31.99S417.7 288 400 288z\"><\/path><\/svg>\n\t\t\t\t\t\t\t<\/span>\n\t\t\t<span class=\"uagb-question\">How do I know if it is right for me?<\/span><\/div><div class=\"uagb-faq-content\"><p>Su m\u00e9dico determinar\u00e1 si la cirug\u00eda prot\u00e9sica es adecuada para usted despu\u00e9s de evaluar su historial m\u00e9dico, realizar ex\u00e1menes f\u00edsicos y pruebas de diagn\u00f3stico, y discutir los beneficios y riesgos del procedimiento.<\/p><\/div><\/div><div class=\"wp-block-uagb-faq-child uagb-faq-child__outer-wrap uagb-faq-item uagb-block-2f5f4e6e\" role=\"tab\" tabindex=\"0\"><div class=\"uagb-faq-questions-button uagb-faq-questions\">\t\t\t<span class=\"uagb-icon uagb-faq-icon-wrap\">\n\t\t\t\t\t\t\t\t<svg xmlns=\"https:\/\/www.w3.org\/2000\/svg\" viewbox= \"0 0 448 512\"><path d=\"M432 256c0 17.69-14.33 32.01-32 32.01H256v144c0 17.69-14.33 31.99-32 31.99s-32-14.3-32-31.99v-144H48c-17.67 0-32-14.32-32-32.01s14.33-31.99 32-31.99H192v-144c0-17.69 14.33-32.01 32-32.01s32 14.32 32 32.01v144h144C417.7 224 432 238.3 432 256z\"><\/path><\/svg>\n\t\t\t\t\t\t\t<\/span>\n\t\t\t\t\t\t<span class=\"uagb-icon-active uagb-faq-icon-wrap\">\n\t\t\t\t\t\t\t\t<svg xmlns=\"https:\/\/www.w3.org\/2000\/svg\" viewbox= \"0 0 448 512\"><path d=\"M400 288h-352c-17.69 0-32-14.32-32-32.01s14.31-31.99 32-31.99h352c17.69 0 32 14.3 32 31.99S417.7 288 400 288z\"><\/path><\/svg>\n\t\t\t\t\t\t\t<\/span>\n\t\t\t<span class=\"uagb-question\">What should I know about anaesthesia and the postoperative period?<\/span><\/div><div class=\"uagb-faq-content\"><p>La cirug\u00eda prot\u00e9sica generalmente se realiza bajo anestesia general o regional, y el tiempo de recuperaci\u00f3n var\u00eda seg\u00fan el tipo de procedimiento y la articulaci\u00f3n tratada. Su cirujano ortop\u00e9dico le proporcionar\u00e1 instrucciones detalladas sobre el cuidado postoperatorio y la rehabilitaci\u00f3n.<\/p><\/div><\/div><\/div><\/div><\/div>","protected":false},"excerpt":{"rendered":"<p>Cirug\u00eda prot\u00e9sica El doctor Salvador es un especialista en cirug\u00eda ortop\u00e9dica prot\u00e9sica. Realiza procedimientos de recambio articular en rodilla, hombro, cadera y mu\u00f1eca. La cirug\u00eda prot\u00e9sica, conocida como artroplastia, se utiliza como \u00faltimo recurso para pacientes con articulaciones gravemente da\u00f1adas debido a artrosis u otras lesiones. La artroplastia es un procedimiento quir\u00fargico que implica la [&hellip;]<\/p>","protected":false},"author":1,"featured_media":0,"parent":0,"menu_order":0,"comment_status":"closed","ping_status":"closed","template":"","meta":{"_uag_custom_page_level_css":"","site-sidebar-layout":"default","site-content-layout":"","ast-site-content-layout":"normal-width-container","site-content-style":"unboxed","site-sidebar-style":"default","ast-global-header-display":"","ast-banner-title-visibility":"","ast-main-header-display":"","ast-hfb-above-header-display":"","ast-hfb-below-header-display":"","ast-hfb-mobile-header-display":"","site-post-title":"disabled","ast-breadcrumbs-content":"","ast-featured-img":"","footer-sml-layout":"","theme-transparent-header-meta":"enabled","adv-header-id-meta":"","stick-header-meta":"default","header-above-stick-meta":"","header-main-stick-meta":"","header-below-stick-meta":"","astra-migrate-meta-layouts":"set","ast-page-background-enabled":"default","ast-page-background-meta":{"desktop":{"background-color":"","background-image":"","background-repeat":"repeat","background-position":"center center","background-size":"auto","background-attachment":"scroll","background-type":"","background-media":"","overlay-type":"","overlay-color":"","overlay-opacity":"","overlay-gradient":""},"tablet":{"background-color":"","background-image":"","background-repeat":"repeat","background-position":"center center","background-size":"auto","background-attachment":"scroll","background-type":"","background-media":"","overlay-type":"","overlay-color":"","overlay-opacity":"","overlay-gradient":""},"mobile":{"background-color":"","background-image":"","background-repeat":"repeat","background-position":"center center","background-size":"auto","background-attachment":"scroll","background-type":"","background-media":"","overlay-type":"","overlay-color":"","overlay-opacity":"","overlay-gradient":""}},"ast-content-background-meta":{"desktop":{"background-color":"var(--ast-global-color-5)","background-image":"","background-repeat":"repeat","background-position":"center center","background-size":"auto","background-attachment":"scroll","background-type":"","background-media":"","overlay-type":"","overlay-color":"","overlay-opacity":"","overlay-gradient":""},"tablet":{"background-color":"var(--ast-global-color-5)","background-image":"","background-repeat":"repeat","background-position":"center center","background-size":"auto","background-attachment":"scroll","background-type":"","background-media":"","overlay-type":"","overlay-color":"","overlay-opacity":"","overlay-gradient":""},"mobile":{"background-color":"var(--ast-global-color-5)","background-image":"","background-repeat":"repeat","background-position":"center center","background-size":"auto","background-attachment":"scroll","background-type":"","background-media":"","overlay-type":"","overlay-color":"","overlay-opacity":"","overlay-gradient":""}},"footnotes":""},"class_list":["post-2082","page","type-page","status-publish","hentry"],"yoast_head":"<!-- This site is optimized with the Yoast SEO plugin v26.2 - https:\/\/yoast.com\/wordpress\/plugins\/seo\/ -->\n<title>\u25b7 Cirug\u00eda prot\u00e9sica - Dr. Jorge Salvador<\/title>\n<meta name=\"robots\" content=\"index, follow, max-snippet:-1, max-image-preview:large, max-video-preview:-1\" \/>\n<link rel=\"canonical\" href=\"https:\/\/drjorgesalvador.com\/en\/cirugia-protesica\/\" \/>\n<meta property=\"og:locale\" content=\"en_GB\" \/>\n<meta property=\"og:type\" content=\"article\" \/>\n<meta property=\"og:title\" content=\"\u25b7 Cirug\u00eda prot\u00e9sica - Dr. Jorge Salvador\" \/>\n<meta property=\"og:description\" content=\"Cirug\u00eda prot\u00e9sica El doctor Salvador es un especialista en cirug\u00eda ortop\u00e9dica prot\u00e9sica. Realiza procedimientos de recambio articular en rodilla, hombro, cadera y mu\u00f1eca. La cirug\u00eda prot\u00e9sica, conocida como artroplastia, se utiliza como \u00faltimo recurso para pacientes con articulaciones gravemente da\u00f1adas debido a artrosis u otras lesiones. La artroplastia es un procedimiento quir\u00fargico que implica la [&hellip;]\" \/>\n<meta property=\"og:url\" content=\"https:\/\/drjorgesalvador.com\/en\/cirugia-protesica\/\" \/>\n<meta property=\"og:site_name\" content=\"Dr. Jorge Salvador\" \/>\n<meta property=\"article:modified_time\" content=\"2024-08-09T18:54:51+00:00\" \/>\n<meta property=\"og:image\" content=\"https:\/\/drjorgesalvador.com\/wp-content\/uploads\/2024\/08\/foto-artroplastia-668x1024.jpg\" \/>\n<meta name=\"twitter:card\" content=\"summary_large_image\" \/>\n<meta name=\"twitter:label1\" content=\"Estimated reading time\" \/>\n\t<meta name=\"twitter:data1\" content=\"2 minutes\" \/>\n<script type=\"application\/ld+json\" class=\"yoast-schema-graph\">{\"@context\":\"https:\/\/schema.org\",\"@graph\":[{\"@type\":\"WebPage\",\"@id\":\"https:\/\/drjorgesalvador.com\/cirugia-protesica\/\",\"url\":\"https:\/\/drjorgesalvador.com\/cirugia-protesica\/\",\"name\":\"\u25b7 Cirug\u00eda prot\u00e9sica - Dr. Jorge Salvador\",\"isPartOf\":{\"@id\":\"https:\/\/drjorgesalvador.com\/#website\"},\"primaryImageOfPage\":{\"@id\":\"https:\/\/drjorgesalvador.com\/cirugia-protesica\/#primaryimage\"},\"image\":{\"@id\":\"https:\/\/drjorgesalvador.com\/cirugia-protesica\/#primaryimage\"},\"thumbnailUrl\":\"https:\/\/drjorgesalvador.com\/wp-content\/uploads\/2024\/08\/foto-artroplastia-668x1024.jpg\",\"datePublished\":\"2024-02-22T13:29:44+00:00\",\"dateModified\":\"2024-08-09T18:54:51+00:00\",\"breadcrumb\":{\"@id\":\"https:\/\/drjorgesalvador.com\/cirugia-protesica\/#breadcrumb\"},\"inLanguage\":\"en-GB\",\"potentialAction\":[{\"@type\":\"ReadAction\",\"target\":[\"https:\/\/drjorgesalvador.com\/cirugia-protesica\/\"]}]},{\"@type\":\"ImageObject\",\"inLanguage\":\"en-GB\",\"@id\":\"https:\/\/drjorgesalvador.com\/cirugia-protesica\/#primaryimage\",\"url\":\"https:\/\/drjorgesalvador.com\/wp-content\/uploads\/2024\/08\/foto-artroplastia-668x1024.jpg\",\"contentUrl\":\"https:\/\/drjorgesalvador.com\/wp-content\/uploads\/2024\/08\/foto-artroplastia-668x1024.jpg\"},{\"@type\":\"BreadcrumbList\",\"@id\":\"https:\/\/drjorgesalvador.com\/cirugia-protesica\/#breadcrumb\",\"itemListElement\":[{\"@type\":\"ListItem\",\"position\":1,\"name\":\"Portada\",\"item\":\"https:\/\/drjorgesalvador.com\/\"},{\"@type\":\"ListItem\",\"position\":2,\"name\":\"Cirug\u00eda prot\u00e9sica\"}]},{\"@type\":\"WebSite\",\"@id\":\"https:\/\/drjorgesalvador.com\/#website\",\"url\":\"https:\/\/drjorgesalvador.com\/\",\"name\":\"Dr. Jorge Salvador\",\"description\":\"Cirujano ortop\u00e9dico y traumat\u00f3logo\",\"publisher\":{\"@id\":\"https:\/\/drjorgesalvador.com\/#organization\"},\"potentialAction\":[{\"@type\":\"SearchAction\",\"target\":{\"@type\":\"EntryPoint\",\"urlTemplate\":\"https:\/\/drjorgesalvador.com\/?s={search_term_string}\"},\"query-input\":{\"@type\":\"PropertyValueSpecification\",\"valueRequired\":true,\"valueName\":\"search_term_string\"}}],\"inLanguage\":\"en-GB\"},{\"@type\":\"Organization\",\"@id\":\"https:\/\/drjorgesalvador.com\/#organization\",\"name\":\"Dr. Jorge Salvador\",\"url\":\"https:\/\/drjorgesalvador.com\/\",\"logo\":{\"@type\":\"ImageObject\",\"inLanguage\":\"en-GB\",\"@id\":\"https:\/\/drjorgesalvador.com\/#\/schema\/logo\/image\/\",\"url\":\"https:\/\/drjorgesalvador.com\/wp-content\/uploads\/2024\/07\/Dr-Jorge-Salvador-Marin-logo.png\",\"contentUrl\":\"https:\/\/drjorgesalvador.com\/wp-content\/uploads\/2024\/07\/Dr-Jorge-Salvador-Marin-logo.png\",\"width\":339,\"height\":338,\"caption\":\"Dr. Jorge Salvador\"},\"image\":{\"@id\":\"https:\/\/drjorgesalvador.com\/#\/schema\/logo\/image\/\"}}]}<\/script>\n<!-- \/ Yoast SEO plugin. -->","yoast_head_json":{"title":"\u25b7 Cirug\u00eda prot\u00e9sica - Dr. Jorge Salvador","robots":{"index":"index","follow":"follow","max-snippet":"max-snippet:-1","max-image-preview":"max-image-preview:large","max-video-preview":"max-video-preview:-1"},"canonical":"https:\/\/drjorgesalvador.com\/en\/cirugia-protesica\/","og_locale":"en_GB","og_type":"article","og_title":"\u25b7 Cirug\u00eda prot\u00e9sica - Dr. Jorge Salvador","og_description":"Cirug\u00eda prot\u00e9sica El doctor Salvador es un especialista en cirug\u00eda ortop\u00e9dica prot\u00e9sica. Realiza procedimientos de recambio articular en rodilla, hombro, cadera y mu\u00f1eca. La cirug\u00eda prot\u00e9sica, conocida como artroplastia, se utiliza como \u00faltimo recurso para pacientes con articulaciones gravemente da\u00f1adas debido a artrosis u otras lesiones. La artroplastia es un procedimiento quir\u00fargico que implica la [&hellip;]","og_url":"https:\/\/drjorgesalvador.com\/en\/cirugia-protesica\/","og_site_name":"Dr. Jorge Salvador","article_modified_time":"2024-08-09T18:54:51+00:00","og_image":[{"url":"https:\/\/drjorgesalvador.com\/wp-content\/uploads\/2024\/08\/foto-artroplastia-668x1024.jpg","type":"","width":"","height":""}],"twitter_card":"summary_large_image","twitter_misc":{"Estimated reading time":"2 minutes"},"schema":{"@context":"https:\/\/schema.org","@graph":[{"@type":"WebPage","@id":"https:\/\/drjorgesalvador.com\/cirugia-protesica\/","url":"https:\/\/drjorgesalvador.com\/cirugia-protesica\/","name":"\u25b7 Cirug\u00eda prot\u00e9sica - Dr. Jorge Salvador","isPartOf":{"@id":"https:\/\/drjorgesalvador.com\/#website"},"primaryImageOfPage":{"@id":"https:\/\/drjorgesalvador.com\/cirugia-protesica\/#primaryimage"},"image":{"@id":"https:\/\/drjorgesalvador.com\/cirugia-protesica\/#primaryimage"},"thumbnailUrl":"https:\/\/drjorgesalvador.com\/wp-content\/uploads\/2024\/08\/foto-artroplastia-668x1024.jpg","datePublished":"2024-02-22T13:29:44+00:00","dateModified":"2024-08-09T18:54:51+00:00","breadcrumb":{"@id":"https:\/\/drjorgesalvador.com\/cirugia-protesica\/#breadcrumb"},"inLanguage":"en-GB","potentialAction":[{"@type":"ReadAction","target":["https:\/\/drjorgesalvador.com\/cirugia-protesica\/"]}]},{"@type":"ImageObject","inLanguage":"en-GB","@id":"https:\/\/drjorgesalvador.com\/cirugia-protesica\/#primaryimage","url":"https:\/\/drjorgesalvador.com\/wp-content\/uploads\/2024\/08\/foto-artroplastia-668x1024.jpg","contentUrl":"https:\/\/drjorgesalvador.com\/wp-content\/uploads\/2024\/08\/foto-artroplastia-668x1024.jpg"},{"@type":"BreadcrumbList","@id":"https:\/\/drjorgesalvador.com\/cirugia-protesica\/#breadcrumb","itemListElement":[{"@type":"ListItem","position":1,"name":"Portada","item":"https:\/\/drjorgesalvador.com\/"},{"@type":"ListItem","position":2,"name":"Cirug\u00eda prot\u00e9sica"}]},{"@type":"WebSite","@id":"https:\/\/drjorgesalvador.com\/#website","url":"https:\/\/drjorgesalvador.com\/","name":"Dr. Jorge Salvador","description":"Cirujano ortop\u00e9dico y traumat\u00f3logo","publisher":{"@id":"https:\/\/drjorgesalvador.com\/#organization"},"potentialAction":[{"@type":"SearchAction","target":{"@type":"EntryPoint","urlTemplate":"https:\/\/drjorgesalvador.com\/?s={search_term_string}"},"query-input":{"@type":"PropertyValueSpecification","valueRequired":true,"valueName":"search_term_string"}}],"inLanguage":"en-GB"},{"@type":"Organization","@id":"https:\/\/drjorgesalvador.com\/#organization","name":"Dr. Jorge Salvador","url":"https:\/\/drjorgesalvador.com\/","logo":{"@type":"ImageObject","inLanguage":"en-GB","@id":"https:\/\/drjorgesalvador.com\/#\/schema\/logo\/image\/","url":"https:\/\/drjorgesalvador.com\/wp-content\/uploads\/2024\/07\/Dr-Jorge-Salvador-Marin-logo.png","contentUrl":"https:\/\/drjorgesalvador.com\/wp-content\/uploads\/2024\/07\/Dr-Jorge-Salvador-Marin-logo.png","width":339,"height":338,"caption":"Dr. Jorge Salvador"},"image":{"@id":"https:\/\/drjorgesalvador.com\/#\/schema\/logo\/image\/"}}]}},"uagb_featured_image_src":{"full":false,"thumbnail":false,"medium":false,"medium_large":false,"large":false,"1536x1536":false,"2048x2048":false,"trp-custom-language-flag":false},"uagb_author_info":{"display_name":"admin","author_link":"https:\/\/drjorgesalvador.com\/en\/author\/admin\/"},"uagb_comment_info":0,"uagb_excerpt":"Cirug\u00eda prot\u00e9sica El doctor Salvador es un especialista en cirug\u00eda ortop\u00e9dica prot\u00e9sica. Realiza procedimientos de recambio articular en rodilla, hombro, cadera y mu\u00f1eca. La cirug\u00eda prot\u00e9sica, conocida como artroplastia, se utiliza como \u00faltimo recurso para pacientes con articulaciones gravemente da\u00f1adas debido a artrosis u otras lesiones. La artroplastia es un procedimiento quir\u00fargico que implica la&hellip;","_links":{"self":[{"href":"https:\/\/drjorgesalvador.com\/en\/wp-json\/wp\/v2\/pages\/2082","targetHints":{"allow":["GET"]}}],"collection":[{"href":"https:\/\/drjorgesalvador.com\/en\/wp-json\/wp\/v2\/pages"}],"about":[{"href":"https:\/\/drjorgesalvador.com\/en\/wp-json\/wp\/v2\/types\/page"}],"author":[{"embeddable":true,"href":"https:\/\/drjorgesalvador.com\/en\/wp-json\/wp\/v2\/users\/1"}],"replies":[{"embeddable":true,"href":"https:\/\/drjorgesalvador.com\/en\/wp-json\/wp\/v2\/comments?post=2082"}],"version-history":[{"count":8,"href":"https:\/\/drjorgesalvador.com\/en\/wp-json\/wp\/v2\/pages\/2082\/revisions"}],"predecessor-version":[{"id":2313,"href":"https:\/\/drjorgesalvador.com\/en\/wp-json\/wp\/v2\/pages\/2082\/revisions\/2313"}],"wp:attachment":[{"href":"https:\/\/drjorgesalvador.com\/en\/wp-json\/wp\/v2\/media?parent=2082"}],"curies":[{"name":"wp","href":"https:\/\/api.w.org\/{rel}","templated":true}]}}